{"id":2860,"date":"2026-01-12T16:34:01","date_gmt":"2026-01-12T21:34:01","guid":{"rendered":"https:\/\/cimas.edu.ec\/?page_id=2860"},"modified":"2026-01-14T22:27:25","modified_gmt":"2026-01-15T03:27:25","slug":"universidad-san-marcos","status":"publish","type":"page","link":"https:\/\/cimas.edu.ec\/en\/universidad-san-marcos\/","title":{"rendered":"UNIVERSIDAD SAN MARCOS"},"content":{"rendered":"<div data-elementor-type=\"wp-page\" data-elementor-id=\"2860\" class=\"elementor elementor-2860\">\n\t\t\t\t<div class=\"has_eae_slider elementor-element elementor-element-652504b e-con-full e-flex wpr-particle-no wpr-jarallax-no wpr-parallax-no wpr-sticky-section-no e-con e-parent\" data-eae-slider=\"24758\" data-id=\"652504b\" data-element_type=\"container\" data-e-type=\"container\" data-settings=\"{&quot;background_background&quot;:&quot;classic&quot;}\">\n\t\t<div class=\"has_eae_slider elementor-element elementor-element-58b2129 e-con-full e-flex wpr-particle-no wpr-jarallax-no wpr-parallax-no wpr-sticky-section-no e-con e-child\" data-eae-slider=\"47986\" data-id=\"58b2129\" data-element_type=\"container\" data-e-type=\"container\">\n\t\t\t\t<div class=\"elementor-element elementor-element-66065ab elementor-widget elementor-widget-heading\" data-id=\"66065ab\" data-element_type=\"widget\" data-e-type=\"widget\" data-widget_type=\"heading.default\">\n\t\t\t\t\t<h2 class=\"elementor-heading-title elementor-size-default\">LEARNING ABROAD CENTER<br>\nSalud Intercultural en los Andes (FLP)<\/h2>\t\t\t\t<\/div>\n\t\t\t\t<\/div>\n\t\t\t\t<\/div>\n\t\t<div class=\"has_eae_slider elementor-element elementor-element-e381942 e-flex e-con-boxed wpr-particle-no wpr-jarallax-no wpr-parallax-no wpr-sticky-section-no e-con e-parent\" data-eae-slider=\"51638\" data-id=\"e381942\" data-element_type=\"container\" data-e-type=\"container\">\n\t\t\t\t\t<div class=\"e-con-inner\">\n\t\t\t\t<div class=\"elementor-element elementor-element-87232c6 elementor-widget elementor-widget-spacer\" data-id=\"87232c6\" data-element_type=\"widget\" data-e-type=\"widget\" data-widget_type=\"spacer.default\">\n\t\t\t\t\t\t\t<div class=\"elementor-spacer\">\n\t\t\t<div class=\"elementor-spacer-inner\"><\/div>\n\t\t<\/div>\n\t\t\t\t\t\t<\/div>\n\t\t\t\t<div class=\"elementor-element elementor-element-45a4870 elementor-widget elementor-widget-heading\" data-id=\"45a4870\" data-element_type=\"widget\" data-e-type=\"widget\" data-widget_type=\"heading.default\">\n\t\t\t\t\t<h2 class=\"elementor-heading-title elementor-size-default\">COMPONENTES DEL CURSO<\/h2>\t\t\t\t<\/div>\n\t\t\t\t\t<\/div>\n\t\t\t\t<\/div>\n\t\t\t\t<section class=\"has_eae_slider elementor-section elementor-top-section elementor-element elementor-element-80d960f elementor-section-boxed elementor-section-height-default elementor-section-height-default wpr-particle-no wpr-jarallax-no wpr-parallax-no wpr-sticky-section-no\" data-eae-slider=\"90376\" data-id=\"80d960f\" data-element_type=\"section\" data-e-type=\"section\">\n\t\t\t\t\t\t<div class=\"elementor-container elementor-column-gap-default\">\n\t\t\t\t\t<div class=\"has_eae_slider elementor-column elementor-col-100 elementor-top-column elementor-element elementor-element-6811e6d\" data-eae-slider=\"25675\" data-id=\"6811e6d\" data-element_type=\"column\" data-e-type=\"column\">\n\t\t\t<div class=\"elementor-widget-wrap elementor-element-populated\">\n\t\t\t\t\t\t<div class=\"elementor-element elementor-element-9404e8f wpr-tabs-position-above wpr-tabs-hr-position-justify wpr-tabs-icon-position-left elementor-widget elementor-widget-wpr-tabs\" data-id=\"9404e8f\" data-element_type=\"widget\" data-e-type=\"widget\" data-settings=\"{&quot;tab_transition_duration&quot;:0.1000000000000000055511151231257827021181583404541015625}\" data-widget_type=\"wpr-tabs.default\">\n\t\t\t\t\t\t\t\n\t\t<div class=\"wpr-tabs\" data-options=\"{&quot;activeTab&quot;:1,&quot;trigger&quot;:&quot;click&quot;,&quot;autoplay&quot;:&quot;&quot;,&quot;autoplaySpeed&quot;:0}\">\n\t\t\t\n\t\t\t<div class=\"wpr-tabs-wrap\">\n\t\t\t\t\n\t\t\t\t<div id=\"wpr-tab-1551\" class=\"wpr-tab elementor-repeater-item-681e992\" data-tab=\"1\">\n\t\t\t\t\t\n\t\t\t\t\t\t\t\t\t\t<div class=\"wpr-tab-title\">Espa\u00f1ol Gramatical<\/div>\n\t\t\t\t\t\n\t\t\t\t\t\t\t\t\t\t<div class=\"wpr-tab-icon\">\n\t\t\t\t\t\t<i class=\"fas fa-user-check\"><\/i>\n\t\t\t\t\t<\/div>\n\t\t\t\t\t\t\t\t\t\n\t\t\t\t<\/div>\n\n\t\t\t\t\n\t\t\t\t<div id=\"wpr-tab-1552\" class=\"wpr-tab elementor-repeater-item-9a1e2e4\" data-tab=\"2\">\n\t\t\t\t\t\n\t\t\t\t\t\t\t\t\t\t<div class=\"wpr-tab-title\">Espa\u00f1ol en contexto<\/div>\n\t\t\t\t\t\n\t\t\t\t\t\t\t\t\t\t<div class=\"wpr-tab-icon\">\n\t\t\t\t\t\t<i class=\"fas fa-user-edit\"><\/i>\n\t\t\t\t\t<\/div>\n\t\t\t\t\t\t\t\t\t\n\t\t\t\t<\/div>\n\n\t\t\t\t\t\t\t<\/div>\n\n\t\t\t<div class=\"wpr-tabs-content-wrap\">\n\t\t\t\t\n\t\t\t\t<div id=\"wpr-tab-content-1551\" class=\"wpr-tab-content elementor-repeater-item-681e992\" data-tab=\"1\">\n\t\t\t\t\t<div class=\"wpr-tab-content-inner elementor-clearfix wpr-anim-size-large wpr-overlay-fade-in\"><p>Orientado hacia el desarrollo de destrezas en el manejo y buen uso del idioma, incremento de vocabulario y expresiones idiom\u00e1ticas.<\/p><\/div>\t\t\t\t<\/div>\n\n\t\t\t\t\n\t\t\t\t<div id=\"wpr-tab-content-1552\" class=\"wpr-tab-content elementor-repeater-item-9a1e2e4\" data-tab=\"2\">\n\t\t\t\t\t<div class=\"wpr-tab-content-inner elementor-clearfix wpr-anim-size-large wpr-overlay-fade-in\"><p>Sesiones orientadas a profundizar el conocimiento de los diferentes elementos de la cultura ecuatoriana, a fin de que los estudiantes puedan comprender las formas de pensamiento, expresi\u00f3n y problem\u00e1tica socio-econ\u00f3mica, ambiental, cultural y pol\u00edtica del Ecuador.<\/p><\/div>\t\t\t\t<\/div>\n\n\t\t\t\t\t\t\t<\/div>\n\n\t\t<\/div>\n\n\t\t\t\t\t\t<\/div>\n\t\t\t\t\t<\/div>\n\t\t<\/div>\n\t\t\t\t\t<\/div>\n\t\t<\/section>\n\t\t\t\t<section class=\"has_eae_slider elementor-section elementor-top-section elementor-element elementor-element-dafaa74 elementor-section-content-middle elementor-section-boxed elementor-section-height-default elementor-section-height-default wpr-particle-no wpr-jarallax-no wpr-parallax-no wpr-sticky-section-no\" data-eae-slider=\"63045\" data-id=\"dafaa74\" data-element_type=\"section\" data-e-type=\"section\" data-settings=\"{&quot;background_background&quot;:&quot;classic&quot;}\">\n\t\t\t\t\t\t\t<div class=\"elementor-background-overlay\"><\/div>\n\t\t\t\t\t\t\t<div class=\"elementor-container elementor-column-gap-no\">\n\t\t\t\t\t<div class=\"has_eae_slider elementor-column elementor-col-33 elementor-top-column elementor-element elementor-element-3ef2ee7\" data-eae-slider=\"57165\" data-id=\"3ef2ee7\" data-element_type=\"column\" data-e-type=\"column\">\n\t\t\t<div class=\"elementor-widget-wrap elementor-element-populated\">\n\t\t\t\t\t\t<div class=\"elementor-element elementor-element-cbd14c5 elementor-widget elementor-widget-image\" data-id=\"cbd14c5\" data-element_type=\"widget\" data-e-type=\"widget\" data-widget_type=\"image.default\">\n\t\t\t\t\t\t\t\t\t\t\t\t\t\t\t<img fetchpriority=\"high\" decoding=\"async\" width=\"1024\" height=\"577\" src=\"https:\/\/cimas.edu.ec\/wp-content\/uploads\/2024\/02\/FUNDACION-CIMAS-ECUADOR-HEALTH-IN-THE-ANDES-1024x577.jpg\" class=\"attachment-large size-large wp-image-824\" alt=\"\" srcset=\"https:\/\/cimas.edu.ec\/wp-content\/uploads\/2024\/02\/FUNDACION-CIMAS-ECUADOR-HEALTH-IN-THE-ANDES-1024x577.jpg 1024w, https:\/\/cimas.edu.ec\/wp-content\/uploads\/2024\/02\/FUNDACION-CIMAS-ECUADOR-HEALTH-IN-THE-ANDES-600x338.jpg 600w, https:\/\/cimas.edu.ec\/wp-content\/uploads\/2024\/02\/FUNDACION-CIMAS-ECUADOR-HEALTH-IN-THE-ANDES-300x169.jpg 300w, https:\/\/cimas.edu.ec\/wp-content\/uploads\/2024\/02\/FUNDACION-CIMAS-ECUADOR-HEALTH-IN-THE-ANDES.jpg 1900w\" sizes=\"(max-width: 1024px) 100vw, 1024px\" \/>\t\t\t\t\t\t\t\t\t\t\t\t\t\t\t<\/div>\n\t\t\t\t\t<\/div>\n\t\t<\/div>\n\t\t\t\t<div class=\"has_eae_slider elementor-column elementor-col-33 elementor-top-column elementor-element elementor-element-d249824\" data-eae-slider=\"72523\" data-id=\"d249824\" data-element_type=\"column\" data-e-type=\"column\">\n\t\t\t<div class=\"elementor-widget-wrap elementor-element-populated\">\n\t\t\t\t\t\t<div class=\"elementor-element elementor-element-add7256 elementor-widget elementor-widget-image\" data-id=\"add7256\" data-element_type=\"widget\" data-e-type=\"widget\" data-widget_type=\"image.default\">\n\t\t\t\t\t\t\t\t\t\t\t\t\t\t\t<img decoding=\"async\" width=\"1024\" height=\"576\" src=\"https:\/\/cimas.edu.ec\/wp-content\/uploads\/2024\/02\/FUNDACION-CIMAS-ECUADOR-HEALTH-IN-THE-ANDES-3-1024x576.jpg\" class=\"attachment-large size-large wp-image-823\" alt=\"\" srcset=\"https:\/\/cimas.edu.ec\/wp-content\/uploads\/2024\/02\/FUNDACION-CIMAS-ECUADOR-HEALTH-IN-THE-ANDES-3-1024x576.jpg 1024w, https:\/\/cimas.edu.ec\/wp-content\/uploads\/2024\/02\/FUNDACION-CIMAS-ECUADOR-HEALTH-IN-THE-ANDES-3-600x338.jpg 600w, https:\/\/cimas.edu.ec\/wp-content\/uploads\/2024\/02\/FUNDACION-CIMAS-ECUADOR-HEALTH-IN-THE-ANDES-3-300x169.jpg 300w, https:\/\/cimas.edu.ec\/wp-content\/uploads\/2024\/02\/FUNDACION-CIMAS-ECUADOR-HEALTH-IN-THE-ANDES-3.jpg 1900w\" sizes=\"(max-width: 1024px) 100vw, 1024px\" \/>\t\t\t\t\t\t\t\t\t\t\t\t\t\t\t<\/div>\n\t\t\t\t\t<\/div>\n\t\t<\/div>\n\t\t\t\t<div class=\"has_eae_slider elementor-column elementor-col-33 elementor-top-column elementor-element elementor-element-a43db1b\" data-eae-slider=\"66296\" data-id=\"a43db1b\" data-element_type=\"column\" data-e-type=\"column\">\n\t\t\t<div class=\"elementor-widget-wrap elementor-element-populated\">\n\t\t\t\t\t\t<div class=\"elementor-element elementor-element-1a90a82 elementor-widget elementor-widget-image\" data-id=\"1a90a82\" data-element_type=\"widget\" data-e-type=\"widget\" data-widget_type=\"image.default\">\n\t\t\t\t\t\t\t\t\t\t\t\t\t\t\t<img decoding=\"async\" width=\"1024\" height=\"577\" src=\"https:\/\/cimas.edu.ec\/wp-content\/uploads\/2024\/02\/FUNDACION-CIMAS-ECUADOR-HEALTH-IN-THE-ANDES-2-1024x577.jpg\" class=\"attachment-large size-large wp-image-822\" alt=\"\" srcset=\"https:\/\/cimas.edu.ec\/wp-content\/uploads\/2024\/02\/FUNDACION-CIMAS-ECUADOR-HEALTH-IN-THE-ANDES-2-1024x577.jpg 1024w, https:\/\/cimas.edu.ec\/wp-content\/uploads\/2024\/02\/FUNDACION-CIMAS-ECUADOR-HEALTH-IN-THE-ANDES-2-600x338.jpg 600w, https:\/\/cimas.edu.ec\/wp-content\/uploads\/2024\/02\/FUNDACION-CIMAS-ECUADOR-HEALTH-IN-THE-ANDES-2-300x169.jpg 300w, https:\/\/cimas.edu.ec\/wp-content\/uploads\/2024\/02\/FUNDACION-CIMAS-ECUADOR-HEALTH-IN-THE-ANDES-2.jpg 1900w\" sizes=\"(max-width: 1024px) 100vw, 1024px\" \/>\t\t\t\t\t\t\t\t\t\t\t\t\t\t\t<\/div>\n\t\t\t\t\t<\/div>\n\t\t<\/div>\n\t\t\t\t\t<\/div>\n\t\t<\/section>\n\t\t\t\t<section class=\"has_eae_slider elementor-section elementor-top-section elementor-element elementor-element-0e00055 elementor-section-content-middle elementor-reverse-mobile elementor-section-boxed elementor-section-height-default elementor-section-height-default wpr-particle-no wpr-jarallax-no wpr-parallax-no wpr-sticky-section-no\" data-eae-slider=\"58011\" data-id=\"0e00055\" data-element_type=\"section\" data-e-type=\"section\" data-settings=\"{&quot;background_background&quot;:&quot;classic&quot;}\">\n\t\t\t\t\t\t\t<div class=\"elementor-background-overlay\"><\/div>\n\t\t\t\t\t\t\t<div class=\"elementor-container elementor-column-gap-default\">\n\t\t\t\t\t<div class=\"has_eae_slider elementor-column elementor-col-100 elementor-top-column elementor-element elementor-element-97d4202\" data-eae-slider=\"94657\" data-id=\"97d4202\" data-element_type=\"column\" data-e-type=\"column\">\n\t\t\t<div class=\"elementor-widget-wrap elementor-element-populated\">\n\t\t\t\t\t\t<div class=\"elementor-element elementor-element-b7f9074 elementor-widget elementor-widget-spacer\" data-id=\"b7f9074\" data-element_type=\"widget\" data-e-type=\"widget\" data-widget_type=\"spacer.default\">\n\t\t\t\t\t\t\t<div class=\"elementor-spacer\">\n\t\t\t<div class=\"elementor-spacer-inner\"><\/div>\n\t\t<\/div>\n\t\t\t\t\t\t<\/div>\n\t\t\t\t<div class=\"elementor-element elementor-element-c601e4b elementor-widget elementor-widget-heading\" data-id=\"c601e4b\" data-element_type=\"widget\" data-e-type=\"widget\" data-widget_type=\"heading.default\">\n\t\t\t\t\t<h2 class=\"elementor-heading-title elementor-size-default\">Viajes de Observaci\u00f3n<\/h2>\t\t\t\t<\/div>\n\t\t\t\t<div class=\"elementor-element elementor-element-632c146 elementor-widget elementor-widget-text-editor\" data-id=\"632c146\" data-element_type=\"widget\" data-e-type=\"widget\" data-widget_type=\"text-editor.default\">\n\t\t\t\t\t\t\t\t\t<div class=\"wpb_text_column\"><div class=\"wpb_wrapper\"><p>Salidas grupales donde la observaci\u00f3n es el elemento fundamental de todo proceso de aprendizaje; mismas en la que se apoyara el investigador para obtener el mayor n\u00famero de datos relevantes y experiencias respecto a sus inquietudes y maneras de ver la realidad.<\/p><\/div><\/div>\t\t\t\t\t\t\t\t<\/div>\n\t\t\t\t<div class=\"elementor-element elementor-element-d9949c7 elementor-widget elementor-widget-spacer\" data-id=\"d9949c7\" data-element_type=\"widget\" data-e-type=\"widget\" data-widget_type=\"spacer.default\">\n\t\t\t\t\t\t\t<div class=\"elementor-spacer\">\n\t\t\t<div class=\"elementor-spacer-inner\"><\/div>\n\t\t<\/div>\n\t\t\t\t\t\t<\/div>\n\t\t\t\t\t<\/div>\n\t\t<\/div>\n\t\t\t\t\t<\/div>\n\t\t<\/section>\n\t\t\t\t<section class=\"has_eae_slider elementor-section elementor-top-section elementor-element elementor-element-30624f9 elementor-section-content-middle elementor-reverse-mobile elementor-section-boxed elementor-section-height-default elementor-section-height-default wpr-particle-no wpr-jarallax-no wpr-parallax-no wpr-sticky-section-no\" data-eae-slider=\"89028\" data-id=\"30624f9\" data-element_type=\"section\" data-e-type=\"section\" data-settings=\"{&quot;background_background&quot;:&quot;classic&quot;}\">\n\t\t\t\t\t\t\t<div class=\"elementor-background-overlay\"><\/div>\n\t\t\t\t\t\t\t<div class=\"elementor-container elementor-column-gap-default\">\n\t\t\t\t\t<div class=\"has_eae_slider elementor-column elementor-col-100 elementor-top-column elementor-element elementor-element-a903f4b\" data-eae-slider=\"43968\" data-id=\"a903f4b\" data-element_type=\"column\" data-e-type=\"column\">\n\t\t\t<div class=\"elementor-widget-wrap elementor-element-populated\">\n\t\t\t\t\t\t<div class=\"elementor-element elementor-element-93dbfe1 elementor-widget elementor-widget-heading\" data-id=\"93dbfe1\" data-element_type=\"widget\" data-e-type=\"widget\" data-widget_type=\"heading.default\">\n\t\t\t\t\t<h2 class=\"elementor-heading-title elementor-size-default\">Pasant\u00eda<\/h2>\t\t\t\t<\/div>\n\t\t\t\t<div class=\"elementor-element elementor-element-fde2178 elementor-widget elementor-widget-text-editor\" data-id=\"fde2178\" data-element_type=\"widget\" data-e-type=\"widget\" data-widget_type=\"text-editor.default\">\n\t\t\t\t\t\t\t\t\t<p>Fusionando la teor\u00eda con la realidad a trav\u00e9s de la inmersi\u00f3n en diversos contextos culturales.<\/p><p>La pasant\u00eda o internado es una oportunidad de inmersi\u00f3n en una nueva dimensi\u00f3n cultural y de ser protagonista de la vivencia diaria como un miembro m\u00e1s de una comunidad andina, tiempo en el cual se aplicar\u00e1n los conocimientos culturales y ling\u00fc\u00edsticos adquiridos en las semanas anteriores; en las cuales los estudiantes son protagonistas de un proceso de aprendizaje experiencial en contextos culturales diversos.<\/p>\t\t\t\t\t\t\t\t<\/div>\n\t\t\t\t<div class=\"elementor-element elementor-element-68841d5 elementor-widget elementor-widget-spacer\" data-id=\"68841d5\" data-element_type=\"widget\" data-e-type=\"widget\" data-widget_type=\"spacer.default\">\n\t\t\t\t\t\t\t<div class=\"elementor-spacer\">\n\t\t\t<div class=\"elementor-spacer-inner\"><\/div>\n\t\t<\/div>\n\t\t\t\t\t\t<\/div>\n\t\t\t\t\t<\/div>\n\t\t<\/div>\n\t\t\t\t\t<\/div>\n\t\t<\/section>\n\t\t\t\t<section class=\"has_eae_slider elementor-section elementor-top-section elementor-element elementor-element-6a81667 elementor-section-content-middle elementor-reverse-mobile elementor-section-boxed elementor-section-height-default elementor-section-height-default wpr-particle-no wpr-jarallax-no wpr-parallax-no wpr-sticky-section-no\" data-eae-slider=\"91340\" data-id=\"6a81667\" data-element_type=\"section\" data-e-type=\"section\" data-settings=\"{&quot;background_background&quot;:&quot;classic&quot;}\">\n\t\t\t\t\t\t\t<div class=\"elementor-background-overlay\"><\/div>\n\t\t\t\t\t\t\t<div class=\"elementor-container elementor-column-gap-default\">\n\t\t\t\t\t<div class=\"has_eae_slider elementor-column elementor-col-100 elementor-top-column elementor-element elementor-element-2ead0c3\" data-eae-slider=\"15158\" data-id=\"2ead0c3\" data-element_type=\"column\" data-e-type=\"column\">\n\t\t\t<div class=\"elementor-widget-wrap elementor-element-populated\">\n\t\t\t\t\t\t<div class=\"elementor-element elementor-element-61681c4 elementor-widget elementor-widget-heading\" data-id=\"61681c4\" data-element_type=\"widget\" data-e-type=\"widget\" data-widget_type=\"heading.default\">\n\t\t\t\t\t<h2 class=\"elementor-heading-title elementor-size-default\"> Beneficios de la Pasant\u00eda<\/h2>\t\t\t\t<\/div>\n\t\t\t\t<div class=\"elementor-element elementor-element-869fcd9 elementor-widget elementor-widget-text-editor\" data-id=\"869fcd9\" data-element_type=\"widget\" data-e-type=\"widget\" data-widget_type=\"text-editor.default\">\n\t\t\t\t\t\t\t\t\t<div class=\"wpb_text_column\"><div class=\"wpb_wrapper\"><p>Trabajar como pasante en una organizaci\u00f3n ecuatoriana ser\u00e1 una experiencia aut\u00e9ntica que cambiar\u00e1 su vida. Como pasante internacional, usted tendr\u00e1 la oportunidad de aprender a comunicarse cruzando las barreras culturales, de experimentar la globalizaci\u00f3n de primera mano y de internacionalizar su red de contactos. Si su inter\u00e9s es involucrarse plenamente en una cultura diferente o adquirir una perspectiva global m\u00e1s amplia, un internado internacional con CIMAS es su mejor opci\u00f3n.<\/p><\/div><\/div>\t\t\t\t\t\t\t\t<\/div>\n\t\t\t\t<div class=\"elementor-element elementor-element-0a33dd8 elementor-widget elementor-widget-spacer\" data-id=\"0a33dd8\" data-element_type=\"widget\" data-e-type=\"widget\" data-widget_type=\"spacer.default\">\n\t\t\t\t\t\t\t<div class=\"elementor-spacer\">\n\t\t\t<div class=\"elementor-spacer-inner\"><\/div>\n\t\t<\/div>\n\t\t\t\t\t\t<\/div>\n\t\t\t\t\t<\/div>\n\t\t<\/div>\n\t\t\t\t\t<\/div>\n\t\t<\/section>\n\t\t\t\t<\/div>","protected":false},"excerpt":{"rendered":"<p>LEARNING ABROAD CENTER Salud Intercultural en los Andes (FLP) COMPONENTES DEL CURSO Espa\u00f1ol Gramatical Espa\u00f1ol en contexto Orientado hacia el desarrollo de destrezas en el manejo y buen uso del idioma, incremento de vocabulario y expresiones idiom\u00e1ticas. Sesiones orientadas a profundizar el conocimiento de los diferentes elementos de la cultura ecuatoriana, a fin de que los estudiantes puedan comprender las formas de pensamiento, expresi\u00f3n y problem\u00e1tica socio-econ\u00f3mica, ambiental, cultural y pol\u00edtica del Ecuador. Viajes de Observaci\u00f3n Salidas grupales donde la observaci\u00f3n es el elemento fundamental de todo proceso de aprendizaje; mismas en la que se apoyara el investigador para obtener el mayor n\u00famero de datos relevantes y experiencias respecto a sus inquietudes y maneras de ver la realidad. Pasant\u00eda Fusionando la teor\u00eda con la realidad a trav\u00e9s de la inmersi\u00f3n en diversos contextos culturales. La pasant\u00eda o internado es una oportunidad de inmersi\u00f3n en una nueva dimensi\u00f3n cultural y de ser protagonista de la vivencia diaria como un miembro m\u00e1s de una comunidad andina, tiempo en el cual se aplicar\u00e1n los conocimientos culturales y ling\u00fc\u00edsticos adquiridos en las semanas anteriores; en las cuales los estudiantes son protagonistas de un proceso de aprendizaje experiencial en contextos culturales diversos. Beneficios de la Pasant\u00eda Trabajar como pasante en una organizaci\u00f3n ecuatoriana ser\u00e1 una experiencia aut\u00e9ntica que cambiar\u00e1 su vida. Como pasante internacional, usted tendr\u00e1 la oportunidad de aprender a comunicarse cruzando las barreras culturales, de experimentar la globalizaci\u00f3n de primera mano y de internacionalizar su red de contactos. Si su inter\u00e9s es involucrarse plenamente en una cultura diferente o adquirir una perspectiva global m\u00e1s amplia, un internado internacional con CIMAS es su mejor opci\u00f3n.<\/p>","protected":false},"author":3,"featured_media":0,"parent":0,"menu_order":0,"comment_status":"closed","ping_status":"closed","template":"","meta":{"site-sidebar-layout":"no-sidebar","site-content-layout":"","ast-site-content-layout":"full-width-container","site-content-style":"default","site-sidebar-style":"default","ast-global-header-display":"","ast-banner-title-visibility":"","ast-main-header-display":"","ast-hfb-above-header-display":"","ast-hfb-below-header-display":"","ast-hfb-mobile-header-display":"","site-post-title":"disabled","ast-breadcrumbs-content":"","ast-featured-img":"disabled","footer-sml-layout":"","ast-disable-related-posts":"","theme-transparent-header-meta":"","adv-header-id-meta":"","stick-header-meta":"","header-above-stick-meta":"","header-main-stick-meta":"","header-below-stick-meta":"","astra-migrate-meta-layouts":"default","ast-page-background-enabled":"default","ast-page-background-meta":{"desktop":{"background-color":"var(--ast-global-color-5)","background-image":"","background-repeat":"repeat","background-position":"center center","background-size":"auto","background-attachment":"scroll","background-type":"","background-media":"","overlay-type":"","overlay-color":"","overlay-opacity":"","overlay-gradient":""},"tablet":{"background-color":"","background-image":"","background-repeat":"repeat","background-position":"center center","background-size":"auto","background-attachment":"scroll","background-type":"","background-media":"","overlay-type":"","overlay-color":"","overlay-opacity":"","overlay-gradient":""},"mobile":{"background-color":"","background-image":"","background-repeat":"repeat","background-position":"center center","background-size":"auto","background-attachment":"scroll","background-type":"","background-media":"","overlay-type":"","overlay-color":"","overlay-opacity":"","overlay-gradient":""}},"ast-content-background-meta":{"desktop":{"background-color":"var(--ast-global-color-4)","background-image":"","background-repeat":"repeat","background-position":"center center","background-size":"auto","background-attachment":"scroll","background-type":"","background-media":"","overlay-type":"","overlay-color":"","overlay-opacity":"","overlay-gradient":""},"tablet":{"background-color":"var(--ast-global-color-4)","background-image":"","background-repeat":"repeat","background-position":"center center","background-size":"auto","background-attachment":"scroll","background-type":"","background-media":"","overlay-type":"","overlay-color":"","overlay-opacity":"","overlay-gradient":""},"mobile":{"background-color":"var(--ast-global-color-4)","background-image":"","background-repeat":"repeat","background-position":"center center","background-size":"auto","background-attachment":"scroll","background-type":"","background-media":"","overlay-type":"","overlay-color":"","overlay-opacity":"","overlay-gradient":""}},"footnotes":""},"class_list":["post-2860","page","type-page","status-publish","hentry"],"_links":{"self":[{"href":"https:\/\/cimas.edu.ec\/en\/wp-json\/wp\/v2\/pages\/2860","targetHints":{"allow":["GET"]}}],"collection":[{"href":"https:\/\/cimas.edu.ec\/en\/wp-json\/wp\/v2\/pages"}],"about":[{"href":"https:\/\/cimas.edu.ec\/en\/wp-json\/wp\/v2\/types\/page"}],"author":[{"embeddable":true,"href":"https:\/\/cimas.edu.ec\/en\/wp-json\/wp\/v2\/users\/3"}],"replies":[{"embeddable":true,"href":"https:\/\/cimas.edu.ec\/en\/wp-json\/wp\/v2\/comments?post=2860"}],"version-history":[{"count":14,"href":"https:\/\/cimas.edu.ec\/en\/wp-json\/wp\/v2\/pages\/2860\/revisions"}],"predecessor-version":[{"id":2875,"href":"https:\/\/cimas.edu.ec\/en\/wp-json\/wp\/v2\/pages\/2860\/revisions\/2875"}],"wp:attachment":[{"href":"https:\/\/cimas.edu.ec\/en\/wp-json\/wp\/v2\/media?parent=2860"}],"curies":[{"name":"wp","href":"https:\/\/api.w.org\/{rel}","templated":true}]}}