{"id":2876,"date":"2026-01-12T16:45:31","date_gmt":"2026-01-12T21:45:31","guid":{"rendered":"https:\/\/cimas.edu.ec\/?page_id=2876"},"modified":"2026-01-14T22:27:07","modified_gmt":"2026-01-15T03:27:07","slug":"universidad-de-winsconsin-river-falls","status":"publish","type":"page","link":"https:\/\/cimas.edu.ec\/en\/universidad-de-winsconsin-river-falls\/","title":{"rendered":"UNIVERSIDAD DE WINSCONSIN \u2013 RIVER FALLS"},"content":{"rendered":"<div data-elementor-type=\"wp-page\" data-elementor-id=\"2876\" class=\"elementor elementor-2876\">\n\t\t\t\t<div class=\"has_eae_slider elementor-element elementor-element-7f3a3a9 e-con-full e-flex wpr-particle-no wpr-jarallax-no wpr-parallax-no wpr-sticky-section-no e-con e-parent\" data-eae-slider=\"24255\" data-id=\"7f3a3a9\" data-element_type=\"container\" data-e-type=\"container\" data-settings=\"{&quot;background_background&quot;:&quot;classic&quot;}\">\n\t\t<div class=\"has_eae_slider elementor-element elementor-element-a590223 e-con-full e-flex wpr-particle-no wpr-jarallax-no wpr-parallax-no wpr-sticky-section-no e-con e-child\" data-eae-slider=\"61796\" data-id=\"a590223\" data-element_type=\"container\" data-e-type=\"container\">\n\t\t\t\t<div class=\"elementor-element elementor-element-f6764e5 elementor-widget elementor-widget-heading\" data-id=\"f6764e5\" data-element_type=\"widget\" data-e-type=\"widget\" data-widget_type=\"heading.default\">\n\t\t\t\t\t<h2 class=\"elementor-heading-title elementor-size-default\">UNIVERSITY OF WISCONSIN <br>\n\u2013RIVER FALLS<\/h2>\t\t\t\t<\/div>\n\t\t\t\t<\/div>\n\t\t\t\t<\/div>\n\t\t<div class=\"has_eae_slider elementor-element elementor-element-5a24e2a e-flex e-con-boxed wpr-particle-no wpr-jarallax-no wpr-parallax-no wpr-sticky-section-no e-con e-parent\" data-eae-slider=\"13356\" data-id=\"5a24e2a\" data-element_type=\"container\" data-e-type=\"container\">\n\t\t\t\t\t<div class=\"e-con-inner\">\n\t\t\t\t<div class=\"elementor-element elementor-element-a83fe46 elementor-widget elementor-widget-spacer\" data-id=\"a83fe46\" data-element_type=\"widget\" data-e-type=\"widget\" data-widget_type=\"spacer.default\">\n\t\t\t\t\t\t\t<div class=\"elementor-spacer\">\n\t\t\t<div class=\"elementor-spacer-inner\"><\/div>\n\t\t<\/div>\n\t\t\t\t\t\t<\/div>\n\t\t\t\t<div class=\"elementor-element elementor-element-0ae4f0f elementor-widget elementor-widget-heading\" data-id=\"0ae4f0f\" data-element_type=\"widget\" data-e-type=\"widget\" data-widget_type=\"heading.default\">\n\t\t\t\t\t<h2 class=\"elementor-heading-title elementor-size-default\">Programa UWRF<\/h2>\t\t\t\t<\/div>\n\t\t\t\t\t<\/div>\n\t\t\t\t<\/div>\n\t\t\t\t<section class=\"has_eae_slider elementor-section elementor-top-section elementor-element elementor-element-e7e8733 elementor-section-boxed elementor-section-height-default elementor-section-height-default wpr-particle-no wpr-jarallax-no wpr-parallax-no wpr-sticky-section-no\" data-eae-slider=\"23955\" data-id=\"e7e8733\" data-element_type=\"section\" data-e-type=\"section\">\n\t\t\t\t\t\t<div class=\"elementor-container elementor-column-gap-default\">\n\t\t\t\t\t<div class=\"has_eae_slider elementor-column elementor-col-50 elementor-top-column elementor-element elementor-element-c5149de\" data-eae-slider=\"40386\" data-id=\"c5149de\" data-element_type=\"column\" data-e-type=\"column\">\n\t\t\t<div class=\"elementor-widget-wrap elementor-element-populated\">\n\t\t\t\t\t\t<div class=\"elementor-element elementor-element-ae65d71 elementor-widget elementor-widget-text-editor\" data-id=\"ae65d71\" data-element_type=\"widget\" data-e-type=\"widget\" data-widget_type=\"text-editor.default\">\n\t\t\t\t\t\t\t\t\t<p>El objetivo de este programa es brindar una experiencia educativa y cultural en Ecuador. Durante diez d\u00edas los estudiantes participan en una serie de actividades y excursiones que incluyen visitas a Quito, el Valle de El Chota, comunidades ind\u00edgenas, y la famosa Mitad del Mundo, con \u00e9nfasis en la diversidad ambiental y cultural del pa\u00eds.<\/p>\t\t\t\t\t\t\t\t<\/div>\n\t\t\t\t<div class=\"elementor-element elementor-element-5ea79c6 elementor-widget elementor-widget-image-carousel\" data-id=\"5ea79c6\" data-element_type=\"widget\" data-e-type=\"widget\" data-settings=\"{&quot;slides_to_show&quot;:&quot;1&quot;,&quot;navigation&quot;:&quot;none&quot;,&quot;autoplay_speed&quot;:2000,&quot;effect&quot;:&quot;fade&quot;,&quot;autoplay&quot;:&quot;yes&quot;,&quot;pause_on_hover&quot;:&quot;yes&quot;,&quot;pause_on_interaction&quot;:&quot;yes&quot;,&quot;infinite&quot;:&quot;yes&quot;,&quot;speed&quot;:500}\" data-widget_type=\"image-carousel.default\">\n\t\t\t\t\t\t\t<div class=\"elementor-image-carousel-wrapper swiper\" role=\"region\" aria-roledescription=\"carousel\" aria-label=\"Carrusel de im\u00e1genes\" dir=\"ltr\">\n\t\t\t<div class=\"elementor-image-carousel swiper-wrapper swiper-image-stretch\" aria-live=\"off\">\n\t\t\t\t\t\t\t\t<div class=\"swiper-slide\" role=\"group\" aria-roledescription=\"slide\" aria-label=\"1 of 3\" data-no-translation-aria-label=\"\"><figure class=\"swiper-slide-inner\"><img decoding=\"async\" class=\"swiper-slide-image\" src=\"https:\/\/cimas.edu.ec\/wp-content\/uploads\/2025\/01\/WhatsApp-Image-2025-01-08-at-9.17.22-AM-e1761613789494.jpeg\" alt=\"WhatsApp Image 2025-01-08 at 9.17.22 AM\" \/><\/figure><\/div><div class=\"swiper-slide\" role=\"group\" aria-roledescription=\"slide\" aria-label=\"2 of 3\" data-no-translation-aria-label=\"\"><figure class=\"swiper-slide-inner\"><img decoding=\"async\" class=\"swiper-slide-image\" src=\"https:\/\/cimas.edu.ec\/wp-content\/uploads\/2025\/01\/WhatsApp-Image-2025-01-08-at-9.17.18-AM.jpeg\" alt=\"WhatsApp Image 2025-01-08 at 9.17.18 AM\" \/><\/figure><\/div><div class=\"swiper-slide\" role=\"group\" aria-roledescription=\"slide\" aria-label=\"3 of 3\" data-no-translation-aria-label=\"\"><figure class=\"swiper-slide-inner\"><img decoding=\"async\" class=\"swiper-slide-image\" src=\"https:\/\/cimas.edu.ec\/wp-content\/uploads\/2025\/01\/WhatsApp-Image-2025-01-08-at-11.09.31-AM-scaled.jpeg\" alt=\"WhatsApp Image 2025-01-08 at 11.09.31 AM\" \/><\/figure><\/div>\t\t\t<\/div>\n\t\t\t\t\t\t\t\n\t\t\t\t\t\t\t\t\t<\/div>\n\t\t\t\t\t\t<\/div>\n\t\t\t\t<div class=\"elementor-element elementor-element-f4fa4a0 elementor-widget elementor-widget-text-editor\" data-id=\"f4fa4a0\" data-element_type=\"widget\" data-e-type=\"widget\" data-widget_type=\"text-editor.default\">\n\t\t\t\t\t\t\t\t\t<p><span>Adem\u00e1s, se realizan recorridos por museos, mercados tradicionales, lo que permite a los participantes una inmersi\u00f3n directa en las tradiciones y costumbres ecuatorianas.<\/span><\/p><p><span>El programa tambi\u00e9n incluye actividades de aprendizaje acad\u00e9mico, como conferencias y lecciones sobre la diversidad ecol\u00f3gica y cultural del Ecuador.<\/span><\/p>\t\t\t\t\t\t\t\t<\/div>\n\t\t\t\t\t<\/div>\n\t\t<\/div>\n\t\t\t\t<div class=\"has_eae_slider elementor-column elementor-col-50 elementor-top-column elementor-element elementor-element-b3e3cc3\" data-eae-slider=\"9890\" data-id=\"b3e3cc3\" data-element_type=\"column\" data-e-type=\"column\">\n\t\t\t<div class=\"elementor-widget-wrap elementor-element-populated\">\n\t\t\t\t\t\t<div class=\"elementor-element elementor-element-0af7cc9 elementor-widget elementor-widget-image\" data-id=\"0af7cc9\" data-element_type=\"widget\" data-e-type=\"widget\" data-widget_type=\"image.default\">\n\t\t\t\t\t\t\t\t\t\t\t\t\t\t\t<img fetchpriority=\"high\" decoding=\"async\" width=\"1024\" height=\"299\" src=\"https:\/\/cimas.edu.ec\/wp-content\/uploads\/2025\/01\/WhatsApp-Image-2025-01-21-at-10.12.22-AM-e1769438259360-1024x299.jpeg\" class=\"attachment-large size-large wp-image-921\" alt=\"\" srcset=\"https:\/\/cimas.edu.ec\/wp-content\/uploads\/2025\/01\/WhatsApp-Image-2025-01-21-at-10.12.22-AM-e1769438259360-1024x299.jpeg 1024w, https:\/\/cimas.edu.ec\/wp-content\/uploads\/2025\/01\/WhatsApp-Image-2025-01-21-at-10.12.22-AM-e1769438259360-300x88.jpeg 300w, https:\/\/cimas.edu.ec\/wp-content\/uploads\/2025\/01\/WhatsApp-Image-2025-01-21-at-10.12.22-AM-e1769438259360-768x224.jpeg 768w, https:\/\/cimas.edu.ec\/wp-content\/uploads\/2025\/01\/WhatsApp-Image-2025-01-21-at-10.12.22-AM-e1769438259360-1536x448.jpeg 1536w, https:\/\/cimas.edu.ec\/wp-content\/uploads\/2025\/01\/WhatsApp-Image-2025-01-21-at-10.12.22-AM-e1769438259360-18x5.jpeg 18w, https:\/\/cimas.edu.ec\/wp-content\/uploads\/2025\/01\/WhatsApp-Image-2025-01-21-at-10.12.22-AM-e1769438259360-800x234.jpeg 800w, https:\/\/cimas.edu.ec\/wp-content\/uploads\/2025\/01\/WhatsApp-Image-2025-01-21-at-10.12.22-AM-e1769438259360.jpeg 1600w\" sizes=\"(max-width: 1024px) 100vw, 1024px\" \/>\t\t\t\t\t\t\t\t\t\t\t\t\t\t\t<\/div>\n\t\t\t\t<div class=\"elementor-element elementor-element-47178bf elementor-widget elementor-widget-image\" data-id=\"47178bf\" data-element_type=\"widget\" data-e-type=\"widget\" data-widget_type=\"image.default\">\n\t\t\t\t\t\t\t\t\t\t\t\t\t\t\t<img decoding=\"async\" width=\"1024\" height=\"517\" src=\"https:\/\/cimas.edu.ec\/wp-content\/uploads\/2025\/01\/WhatsApp-Image-2025-01-21-at-10.16.22-AM-1024x517.jpeg\" class=\"attachment-large size-large wp-image-922\" alt=\"\" srcset=\"https:\/\/cimas.edu.ec\/wp-content\/uploads\/2025\/01\/WhatsApp-Image-2025-01-21-at-10.16.22-AM-1024x517.jpeg 1024w, https:\/\/cimas.edu.ec\/wp-content\/uploads\/2025\/01\/WhatsApp-Image-2025-01-21-at-10.16.22-AM-600x303.jpeg 600w, https:\/\/cimas.edu.ec\/wp-content\/uploads\/2025\/01\/WhatsApp-Image-2025-01-21-at-10.16.22-AM-300x152.jpeg 300w, https:\/\/cimas.edu.ec\/wp-content\/uploads\/2025\/01\/WhatsApp-Image-2025-01-21-at-10.16.22-AM.jpeg 1431w\" sizes=\"(max-width: 1024px) 100vw, 1024px\" \/>\t\t\t\t\t\t\t\t\t\t\t\t\t\t\t<\/div>\n\t\t\t\t\t<\/div>\n\t\t<\/div>\n\t\t\t\t\t<\/div>\n\t\t<\/section>\n\t\t\t\t<\/div>","protected":false},"excerpt":{"rendered":"<p>UNIVERSIDAD DE WINSCONSIN \u2013 RIVER FALLS Programa UWRF El objetivo de este programa es brindar una experiencia educativa y cultural en Ecuador. Durante diez d\u00edas los estudiantes participan en una serie de actividades y excursiones que incluyen visitas a Quito, el Valle de El Chota, comunidades ind\u00edgenas, y la famosa Mitad del Mundo, con \u00e9nfasis en la diversidad ambiental y cultural del pa\u00eds. Adem\u00e1s, se realizan recorridos por museos, mercados tradicionales, lo que permite a los participantes una inmersi\u00f3n directa en las tradiciones y costumbres ecuatorianas. El programa tambi\u00e9n incluye actividades de aprendizaje acad\u00e9mico, como conferencias y lecciones sobre la diversidad ecol\u00f3gica y cultural del Ecuador.<\/p>","protected":false},"author":3,"featured_media":0,"parent":0,"menu_order":0,"comment_status":"closed","ping_status":"closed","template":"","meta":{"site-sidebar-layout":"no-sidebar","site-content-layout":"","ast-site-content-layout":"full-width-container","site-content-style":"default","site-sidebar-style":"default","ast-global-header-display":"","ast-banner-title-visibility":"","ast-main-header-display":"","ast-hfb-above-header-display":"","ast-hfb-below-header-display":"","ast-hfb-mobile-header-display":"","site-post-title":"disabled","ast-breadcrumbs-content":"","ast-featured-img":"disabled","footer-sml-layout":"","ast-disable-related-posts":"","theme-transparent-header-meta":"","adv-header-id-meta":"","stick-header-meta":"","header-above-stick-meta":"","header-main-stick-meta":"","header-below-stick-meta":"","astra-migrate-meta-layouts":"default","ast-page-background-enabled":"default","ast-page-background-meta":{"desktop":{"background-color":"var(--ast-global-color-5)","background-image":"","background-repeat":"repeat","background-position":"center center","background-size":"auto","background-attachment":"scroll","background-type":"","background-media":"","overlay-type":"","overlay-color":"","overlay-opacity":"","overlay-gradient":""},"tablet":{"background-color":"","background-image":"","background-repeat":"repeat","background-position":"center center","background-size":"auto","background-attachment":"scroll","background-type":"","background-media":"","overlay-type":"","overlay-color":"","overlay-opacity":"","overlay-gradient":""},"mobile":{"background-color":"","background-image":"","background-repeat":"repeat","background-position":"center center","background-size":"auto","background-attachment":"scroll","background-type":"","background-media":"","overlay-type":"","overlay-color":"","overlay-opacity":"","overlay-gradient":""}},"ast-content-background-meta":{"desktop":{"background-color":"var(--ast-global-color-4)","background-image":"","background-repeat":"repeat","background-position":"center center","background-size":"auto","background-attachment":"scroll","background-type":"","background-media":"","overlay-type":"","overlay-color":"","overlay-opacity":"","overlay-gradient":""},"tablet":{"background-color":"var(--ast-global-color-4)","background-image":"","background-repeat":"repeat","background-position":"center center","background-size":"auto","background-attachment":"scroll","background-type":"","background-media":"","overlay-type":"","overlay-color":"","overlay-opacity":"","overlay-gradient":""},"mobile":{"background-color":"var(--ast-global-color-4)","background-image":"","background-repeat":"repeat","background-position":"center center","background-size":"auto","background-attachment":"scroll","background-type":"","background-media":"","overlay-type":"","overlay-color":"","overlay-opacity":"","overlay-gradient":""}},"footnotes":""},"class_list":["post-2876","page","type-page","status-publish","hentry"],"_links":{"self":[{"href":"https:\/\/cimas.edu.ec\/en\/wp-json\/wp\/v2\/pages\/2876","targetHints":{"allow":["GET"]}}],"collection":[{"href":"https:\/\/cimas.edu.ec\/en\/wp-json\/wp\/v2\/pages"}],"about":[{"href":"https:\/\/cimas.edu.ec\/en\/wp-json\/wp\/v2\/types\/page"}],"author":[{"embeddable":true,"href":"https:\/\/cimas.edu.ec\/en\/wp-json\/wp\/v2\/users\/3"}],"replies":[{"embeddable":true,"href":"https:\/\/cimas.edu.ec\/en\/wp-json\/wp\/v2\/comments?post=2876"}],"version-history":[{"count":5,"href":"https:\/\/cimas.edu.ec\/en\/wp-json\/wp\/v2\/pages\/2876\/revisions"}],"predecessor-version":[{"id":2883,"href":"https:\/\/cimas.edu.ec\/en\/wp-json\/wp\/v2\/pages\/2876\/revisions\/2883"}],"wp:attachment":[{"href":"https:\/\/cimas.edu.ec\/en\/wp-json\/wp\/v2\/media?parent=2876"}],"curies":[{"name":"wp","href":"https:\/\/api.w.org\/{rel}","templated":true}]}}