{"id":2909,"date":"2026-01-13T09:26:41","date_gmt":"2026-01-13T14:26:41","guid":{"rendered":"https:\/\/cimas.edu.ec\/?page_id=2909"},"modified":"2026-01-14T22:20:14","modified_gmt":"2026-01-15T03:20:14","slug":"center-for-global-health-and-social-responsibility","status":"publish","type":"page","link":"https:\/\/cimas.edu.ec\/en\/center-for-global-health-and-social-responsibility\/","title":{"rendered":"CENTER FOR GLOBAL HEALTH AND SOCIAL RESPONSIBILITY"},"content":{"rendered":"<div data-elementor-type=\"wp-page\" data-elementor-id=\"2909\" class=\"elementor elementor-2909\">\n\t\t\t\t<div class=\"has_eae_slider elementor-element elementor-element-d1301cb e-con-full e-flex wpr-particle-no wpr-jarallax-no wpr-parallax-no wpr-sticky-section-no e-con e-parent\" data-eae-slider=\"52444\" data-id=\"d1301cb\" data-element_type=\"container\" data-e-type=\"container\" data-settings=\"{&quot;background_background&quot;:&quot;classic&quot;}\">\n\t\t<div class=\"has_eae_slider elementor-element elementor-element-386820b e-con-full e-flex wpr-particle-no wpr-jarallax-no wpr-parallax-no wpr-sticky-section-no e-con e-child\" data-eae-slider=\"15120\" data-id=\"386820b\" data-element_type=\"container\" data-e-type=\"container\">\n\t\t\t\t<div class=\"elementor-element elementor-element-87e7e8d elementor-widget elementor-widget-heading\" data-id=\"87e7e8d\" data-element_type=\"widget\" data-e-type=\"widget\" data-widget_type=\"heading.default\">\n\t\t\t\t\t<h2 class=\"elementor-heading-title elementor-size-default\">LEARNING ABROAD CENTER<\/h2>\t\t\t\t<\/div>\n\t\t\t\t<div class=\"elementor-element elementor-element-2501920 elementor-widget elementor-widget-text-editor\" data-id=\"2501920\" data-element_type=\"widget\" data-e-type=\"widget\" data-widget_type=\"text-editor.default\">\n\t\t\t\t\t\t\t\t\t<p>Center For Global Health And Social Responsabilities<\/p>\t\t\t\t\t\t\t\t<\/div>\n\t\t\t\t<\/div>\n\t\t\t\t<\/div>\n\t\t<div class=\"has_eae_slider elementor-element elementor-element-fd0bbf3 e-flex e-con-boxed wpr-particle-no wpr-jarallax-no wpr-parallax-no wpr-sticky-section-no e-con e-parent\" data-eae-slider=\"28939\" data-id=\"fd0bbf3\" data-element_type=\"container\" data-e-type=\"container\">\n\t\t\t\t\t<div class=\"e-con-inner\">\n\t\t\t\t<div class=\"elementor-element elementor-element-7864e83 elementor-widget elementor-widget-spacer\" data-id=\"7864e83\" data-element_type=\"widget\" data-e-type=\"widget\" data-widget_type=\"spacer.default\">\n\t\t\t\t\t\t\t<div class=\"elementor-spacer\">\n\t\t\t<div class=\"elementor-spacer-inner\"><\/div>\n\t\t<\/div>\n\t\t\t\t\t\t<\/div>\n\t\t\t\t\t<\/div>\n\t\t\t\t<\/div>\n\t\t<div class=\"has_eae_slider elementor-element elementor-element-22c31b3 e-flex e-con-boxed wpr-particle-no wpr-jarallax-no wpr-parallax-no wpr-sticky-section-no e-con e-parent\" data-eae-slider=\"71558\" data-id=\"22c31b3\" data-element_type=\"container\" data-e-type=\"container\">\n\t\t\t\t\t<div class=\"e-con-inner\">\n\t\t\t\t<div class=\"elementor-element elementor-element-7a07653 elementor-widget elementor-widget-heading\" data-id=\"7a07653\" data-element_type=\"widget\" data-e-type=\"widget\" data-widget_type=\"heading.default\">\n\t\t\t\t\t<h2 class=\"elementor-heading-title elementor-size-default\">Ecuador: Social, Environmental, and Cultural Determinants of Health<\/h2>\t\t\t\t<\/div>\n\t\t\t\t<div class=\"elementor-element elementor-element-0ea300a elementor-widget elementor-widget-spacer\" data-id=\"0ea300a\" data-element_type=\"widget\" data-e-type=\"widget\" data-widget_type=\"spacer.default\">\n\t\t\t\t\t\t\t<div class=\"elementor-spacer\">\n\t\t\t<div class=\"elementor-spacer-inner\"><\/div>\n\t\t<\/div>\n\t\t\t\t\t\t<\/div>\n\t\t\t\t\t<\/div>\n\t\t\t\t<\/div>\n\t\t\t\t<section class=\"has_eae_slider elementor-section elementor-top-section elementor-element elementor-element-8c1c2ee elementor-section-content-middle elementor-section-boxed elementor-section-height-default elementor-section-height-default wpr-particle-no wpr-jarallax-no wpr-parallax-no wpr-sticky-section-no\" data-eae-slider=\"84134\" data-id=\"8c1c2ee\" data-element_type=\"section\" data-e-type=\"section\" data-settings=\"{&quot;background_background&quot;:&quot;classic&quot;}\">\n\t\t\t\t\t\t\t<div class=\"elementor-background-overlay\"><\/div>\n\t\t\t\t\t\t\t<div class=\"elementor-container elementor-column-gap-no\">\n\t\t\t\t\t<div class=\"has_eae_slider elementor-column elementor-col-50 elementor-top-column elementor-element elementor-element-07c09a4\" data-eae-slider=\"31565\" data-id=\"07c09a4\" data-element_type=\"column\" data-e-type=\"column\">\n\t\t\t<div class=\"elementor-widget-wrap elementor-element-populated\">\n\t\t\t\t\t\t<div class=\"elementor-element elementor-element-7d218de elementor-widget elementor-widget-image\" data-id=\"7d218de\" data-element_type=\"widget\" data-e-type=\"widget\" data-widget_type=\"image.default\">\n\t\t\t\t\t\t\t\t\t\t\t\t\t\t\t<img fetchpriority=\"high\" decoding=\"async\" width=\"1200\" height=\"676\" src=\"https:\/\/cimas.edu.ec\/wp-content\/uploads\/2024\/02\/CIMAS-Center-For-Global-Health-And-Social-Responsabilities.jpg\" class=\"attachment-full size-full wp-image-644\" alt=\"\" srcset=\"https:\/\/cimas.edu.ec\/wp-content\/uploads\/2024\/02\/CIMAS-Center-For-Global-Health-And-Social-Responsabilities.jpg 1200w, https:\/\/cimas.edu.ec\/wp-content\/uploads\/2024\/02\/CIMAS-Center-For-Global-Health-And-Social-Responsabilities-600x338.jpg 600w, https:\/\/cimas.edu.ec\/wp-content\/uploads\/2024\/02\/CIMAS-Center-For-Global-Health-And-Social-Responsabilities-300x169.jpg 300w, https:\/\/cimas.edu.ec\/wp-content\/uploads\/2024\/02\/CIMAS-Center-For-Global-Health-And-Social-Responsabilities-1024x577.jpg 1024w\" sizes=\"(max-width: 1200px) 100vw, 1200px\" \/>\t\t\t\t\t\t\t\t\t\t\t\t\t\t\t<\/div>\n\t\t\t\t\t<\/div>\n\t\t<\/div>\n\t\t\t\t<div class=\"has_eae_slider elementor-column elementor-col-50 elementor-top-column elementor-element elementor-element-820d6ff\" data-eae-slider=\"85283\" data-id=\"820d6ff\" data-element_type=\"column\" data-e-type=\"column\">\n\t\t\t<div class=\"elementor-widget-wrap elementor-element-populated\">\n\t\t\t\t\t\t<div class=\"elementor-element elementor-element-4049237 elementor-widget elementor-widget-text-editor\" data-id=\"4049237\" data-element_type=\"widget\" data-e-type=\"widget\" data-widget_type=\"text-editor.default\">\n\t\t\t\t\t\t\t\t\t<p><span>Este curso de verano ofrece una inmersi\u00f3n en la salud p\u00fablica ecuatoriana. Los participantes estudiar\u00e1n los sistemas de salud, tanto occidentales como ind\u00edgenas, y analizar\u00e1n los desaf\u00edos de salud a nivel poblacional. A trav\u00e9s de actividades pr\u00e1cticas como visitas a comunidades y trabajo en equipo, los estudiantes desarrollar\u00e1n habilidades clave en salud global, como el pensamiento cr\u00edtico y la colaboraci\u00f3n interdisciplinaria. El objetivo principal es fomentar un entendimiento profundo de los determinantes sociales y culturales de la salud en Ecuador, y preparar a los estudiantes para abordar los desaf\u00edos de salud global de manera efectiva.<\/span><\/p>\t\t\t\t\t\t\t\t<\/div>\n\t\t\t\t\t<\/div>\n\t\t<\/div>\n\t\t\t\t\t<\/div>\n\t\t<\/section>\n\t\t<div class=\"has_eae_slider elementor-element elementor-element-334acfd e-flex e-con-boxed wpr-particle-no wpr-jarallax-no wpr-parallax-no wpr-sticky-section-no e-con e-parent\" data-eae-slider=\"31596\" data-id=\"334acfd\" data-element_type=\"container\" data-e-type=\"container\">\n\t\t\t\t\t<div class=\"e-con-inner\">\n\t\t\t\t<div class=\"elementor-element elementor-element-0e24f74 elementor-widget elementor-widget-spacer\" data-id=\"0e24f74\" data-element_type=\"widget\" data-e-type=\"widget\" data-widget_type=\"spacer.default\">\n\t\t\t\t\t\t\t<div class=\"elementor-spacer\">\n\t\t\t<div class=\"elementor-spacer-inner\"><\/div>\n\t\t<\/div>\n\t\t\t\t\t\t<\/div>\n\t\t\t\t\t<\/div>\n\t\t\t\t<\/div>\n\t\t\t\t<\/div>","protected":false},"excerpt":{"rendered":"<p>LEARNING ABROAD CENTER Center For Global Health And Social Responsabilities Ecuador: Social, Environmental, and Cultural Determinants of Health Este curso de verano ofrece una inmersi\u00f3n en la salud p\u00fablica ecuatoriana. Los participantes estudiar\u00e1n los sistemas de salud, tanto occidentales como ind\u00edgenas, y analizar\u00e1n los desaf\u00edos de salud a nivel poblacional. A trav\u00e9s de actividades pr\u00e1cticas como visitas a comunidades y trabajo en equipo, los estudiantes desarrollar\u00e1n habilidades clave en salud global, como el pensamiento cr\u00edtico y la colaboraci\u00f3n interdisciplinaria. El objetivo principal es fomentar un entendimiento profundo de los determinantes sociales y culturales de la salud en Ecuador, y preparar a los estudiantes para abordar los desaf\u00edos de salud global de manera efectiva.<\/p>","protected":false},"author":3,"featured_media":0,"parent":0,"menu_order":0,"comment_status":"closed","ping_status":"closed","template":"","meta":{"site-sidebar-layout":"no-sidebar","site-content-layout":"","ast-site-content-layout":"full-width-container","site-content-style":"default","site-sidebar-style":"default","ast-global-header-display":"","ast-banner-title-visibility":"","ast-main-header-display":"","ast-hfb-above-header-display":"","ast-hfb-below-header-display":"","ast-hfb-mobile-header-display":"","site-post-title":"disabled","ast-breadcrumbs-content":"","ast-featured-img":"disabled","footer-sml-layout":"","ast-disable-related-posts":"","theme-transparent-header-meta":"","adv-header-id-meta":"","stick-header-meta":"","header-above-stick-meta":"","header-main-stick-meta":"","header-below-stick-meta":"","astra-migrate-meta-layouts":"default","ast-page-background-enabled":"default","ast-page-background-meta":{"desktop":{"background-color":"var(--ast-global-color-5)","background-image":"","background-repeat":"repeat","background-position":"center center","background-size":"auto","background-attachment":"scroll","background-type":"","background-media":"","overlay-type":"","overlay-color":"","overlay-opacity":"","overlay-gradient":""},"tablet":{"background-color":"","background-image":"","background-repeat":"repeat","background-position":"center center","background-size":"auto","background-attachment":"scroll","background-type":"","background-media":"","overlay-type":"","overlay-color":"","overlay-opacity":"","overlay-gradient":""},"mobile":{"background-color":"","background-image":"","background-repeat":"repeat","background-position":"center center","background-size":"auto","background-attachment":"scroll","background-type":"","background-media":"","overlay-type":"","overlay-color":"","overlay-opacity":"","overlay-gradient":""}},"ast-content-background-meta":{"desktop":{"background-color":"var(--ast-global-color-4)","background-image":"","background-repeat":"repeat","background-position":"center center","background-size":"auto","background-attachment":"scroll","background-type":"","background-media":"","overlay-type":"","overlay-color":"","overlay-opacity":"","overlay-gradient":""},"tablet":{"background-color":"var(--ast-global-color-4)","background-image":"","background-repeat":"repeat","background-position":"center center","background-size":"auto","background-attachment":"scroll","background-type":"","background-media":"","overlay-type":"","overlay-color":"","overlay-opacity":"","overlay-gradient":""},"mobile":{"background-color":"var(--ast-global-color-4)","background-image":"","background-repeat":"repeat","background-position":"center center","background-size":"auto","background-attachment":"scroll","background-type":"","background-media":"","overlay-type":"","overlay-color":"","overlay-opacity":"","overlay-gradient":""}},"footnotes":""},"class_list":["post-2909","page","type-page","status-publish","hentry"],"_links":{"self":[{"href":"https:\/\/cimas.edu.ec\/en\/wp-json\/wp\/v2\/pages\/2909","targetHints":{"allow":["GET"]}}],"collection":[{"href":"https:\/\/cimas.edu.ec\/en\/wp-json\/wp\/v2\/pages"}],"about":[{"href":"https:\/\/cimas.edu.ec\/en\/wp-json\/wp\/v2\/types\/page"}],"author":[{"embeddable":true,"href":"https:\/\/cimas.edu.ec\/en\/wp-json\/wp\/v2\/users\/3"}],"replies":[{"embeddable":true,"href":"https:\/\/cimas.edu.ec\/en\/wp-json\/wp\/v2\/comments?post=2909"}],"version-history":[{"count":6,"href":"https:\/\/cimas.edu.ec\/en\/wp-json\/wp\/v2\/pages\/2909\/revisions"}],"predecessor-version":[{"id":2984,"href":"https:\/\/cimas.edu.ec\/en\/wp-json\/wp\/v2\/pages\/2909\/revisions\/2984"}],"wp:attachment":[{"href":"https:\/\/cimas.edu.ec\/en\/wp-json\/wp\/v2\/media?parent=2909"}],"curies":[{"name":"wp","href":"https:\/\/api.w.org\/{rel}","templated":true}]}}