{"id":2955,"date":"2026-01-13T10:00:29","date_gmt":"2026-01-13T15:00:29","guid":{"rendered":"https:\/\/cimas.edu.ec\/?page_id=2955"},"modified":"2026-01-14T22:25:29","modified_gmt":"2026-01-15T03:25:29","slug":"investigacion","status":"publish","type":"page","link":"https:\/\/cimas.edu.ec\/en\/investigacion\/","title":{"rendered":"RESEARCH"},"content":{"rendered":"<div data-elementor-type=\"wp-page\" data-elementor-id=\"2955\" class=\"elementor elementor-2955\">\n\t\t\t\t<div class=\"has_eae_slider elementor-element elementor-element-18918d3 e-con-full e-flex wpr-particle-no wpr-jarallax-no wpr-parallax-no wpr-sticky-section-no e-con e-parent\" data-eae-slider=\"45419\" data-id=\"18918d3\" data-element_type=\"container\" data-e-type=\"container\" data-settings=\"{&quot;background_background&quot;:&quot;classic&quot;}\">\n\t\t<div class=\"has_eae_slider elementor-element elementor-element-cd8378b e-con-full e-flex wpr-particle-no wpr-jarallax-no wpr-parallax-no wpr-sticky-section-no e-con e-child\" data-eae-slider=\"70933\" data-id=\"cd8378b\" data-element_type=\"container\" data-e-type=\"container\">\n\t\t\t\t<div class=\"elementor-element elementor-element-0644c5a elementor-widget elementor-widget-heading\" data-id=\"0644c5a\" data-element_type=\"widget\" data-e-type=\"widget\" data-widget_type=\"heading.default\">\n\t\t\t\t\t<h2 class=\"elementor-heading-title elementor-size-default\">RESEARCH<\/h2>\t\t\t\t<\/div>\n\t\t\t\t<\/div>\n\t\t\t\t<\/div>\n\t\t\t\t<section class=\"has_eae_slider elementor-section elementor-top-section elementor-element elementor-element-e362d25 elementor-section-content-top elementor-section-boxed elementor-section-height-default elementor-section-height-default wpr-particle-no wpr-jarallax-no wpr-parallax-no wpr-sticky-section-no\" data-eae-slider=\"50026\" data-id=\"e362d25\" data-element_type=\"section\" data-e-type=\"section\" data-settings=\"{&quot;background_background&quot;:&quot;classic&quot;}\">\n\t\t\t\t\t\t\t<div class=\"elementor-background-overlay\"><\/div>\n\t\t\t\t\t\t\t<div class=\"elementor-container elementor-column-gap-no\">\n\t\t\t\t\t<div class=\"has_eae_slider elementor-column elementor-col-100 elementor-top-column elementor-element elementor-element-83a2cb6\" data-eae-slider=\"57659\" data-id=\"83a2cb6\" data-element_type=\"column\" data-e-type=\"column\">\n\t\t\t<div class=\"elementor-widget-wrap elementor-element-populated\">\n\t\t\t\t\t\t<div class=\"elementor-element elementor-element-3d32c4b elementor-widget elementor-widget-heading\" data-id=\"3d32c4b\" data-element_type=\"widget\" data-e-type=\"widget\" data-widget_type=\"heading.default\">\n\t\t\t\t\t<h2 class=\"elementor-heading-title elementor-size-default\">Knowledge to Transform Realities<\/h2>\t\t\t\t<\/div>\n\t\t\t\t<div class=\"elementor-element elementor-element-f4268c9 elementor-widget elementor-widget-text-editor\" data-id=\"f4268c9\" data-element_type=\"widget\" data-e-type=\"widget\" data-widget_type=\"text-editor.default\">\n\t\t\t\t\t\t\t\t\t<p style=\"text-align: left;\" data-start=\"111\" data-end=\"618\">Research conducted in the Pedro Moncayo canton has become a cornerstone for understanding the social, cultural, environmental, and health impacts associated with agricultural development in the region. Through participatory methodologies, community assessments, and specialized interdisciplinary studies, CIMAS has generated knowledge that not only reveals local challenges but also guides concrete proposals to improve the quality of life for the population.<\/p><p style=\"text-align: left;\" data-start=\"620\" data-end=\"1245\">The development of innovative tools, such as the Community Local Information System (SILC)\u2014awarded First Prize in the Latin American and Caribbean Context for Health Technologies in 2014\u2014has been fundamental. This integrated platform brings together social, environmental, and health data to support territorial planning and evidence-based public policy formulation. It allows for a comprehensive understanding of multidimensional trends in social, economic, cultural, environmental, and public health determinants associated with the international-market-oriented flower production model.<\/p><p data-start=\"1247\" data-end=\"1809\">2008\u20132028: Study on secondary pesticide exposure in children, adolescents, and older adults in Pedro Moncayo, Ecuador.<br data-start=\"1398\" data-end=\"1401\" \/>2022\u20132024: Pilot study on irrigation water quality in Pedro Moncayo, Ecuador, conducted in collaboration with the University of California, San Diego.<br data-start=\"1539\" data-end=\"1542\" \/>Pilot studies on pesticide contamination in breast milk in Pedro Moncayo, Ecuador.<br data-start=\"1650\" data-end=\"1653\" \/>2023\u20132024: Future Leaders in Global Health Research, University of California, San Francisco (UCSF), with Fundaci\u00f3n CIMAS serving as the focal point for Ecuador.<\/p><p style=\"text-align: left;\" data-start=\"1811\" data-end=\"2116\">Together, these initiatives reflect Fundaci\u00f3n CIMAS\u2019s commitment to advancing scientifically rigorous and socially meaningful research\u2014rooted in dialogue between academia and communities and aimed at building a more equitable, healthy, and sustainable future.<\/p>\t\t\t\t\t\t\t\t<\/div>\n\t\t\t\t\t<\/div>\n\t\t<\/div>\n\t\t\t\t\t<\/div>\n\t\t<\/section>\n\t\t\t\t<section class=\"has_eae_slider elementor-section elementor-top-section elementor-element elementor-element-73626e9 elementor-section-content-middle elementor-section-boxed elementor-section-height-default elementor-section-height-default wpr-particle-no wpr-jarallax-no wpr-parallax-no wpr-sticky-section-no\" data-eae-slider=\"41476\" data-id=\"73626e9\" data-element_type=\"section\" data-e-type=\"section\" data-settings=\"{&quot;background_background&quot;:&quot;classic&quot;}\">\n\t\t\t\t\t\t\t<div class=\"elementor-background-overlay\"><\/div>\n\t\t\t\t\t\t\t<div class=\"elementor-container elementor-column-gap-wide\">\n\t\t\t\t\t<div class=\"has_eae_slider elementor-column elementor-col-33 elementor-top-column elementor-element elementor-element-40ed3fd\" data-eae-slider=\"45368\" data-id=\"40ed3fd\" data-element_type=\"column\" data-e-type=\"column\">\n\t\t\t<div class=\"elementor-widget-wrap elementor-element-populated\">\n\t\t\t\t\t\t<div class=\"elementor-element elementor-element-3d31101 elementor-widget elementor-widget-image\" data-id=\"3d31101\" data-element_type=\"widget\" data-e-type=\"widget\" data-widget_type=\"image.default\">\n\t\t\t\t\t\t\t\t\t\t\t\t\t\t\t<img fetchpriority=\"high\" decoding=\"async\" width=\"683\" height=\"1024\" src=\"https:\/\/cimas.edu.ec\/wp-content\/uploads\/2025\/10\/fotos-san-pedro-002-1-683x1024.jpg\" class=\"attachment-large size-large wp-image-1001\" alt=\"\" srcset=\"https:\/\/cimas.edu.ec\/wp-content\/uploads\/2025\/10\/fotos-san-pedro-002-1-683x1024.jpg 683w, https:\/\/cimas.edu.ec\/wp-content\/uploads\/2025\/10\/fotos-san-pedro-002-1-scaled-600x900.jpg 600w, https:\/\/cimas.edu.ec\/wp-content\/uploads\/2025\/10\/fotos-san-pedro-002-1-200x300.jpg 200w, https:\/\/cimas.edu.ec\/wp-content\/uploads\/2025\/10\/fotos-san-pedro-002-1-scaled.jpg 1707w\" sizes=\"(max-width: 683px) 100vw, 683px\" \/>\t\t\t\t\t\t\t\t\t\t\t\t\t\t\t<\/div>\n\t\t\t\t\t<\/div>\n\t\t<\/div>\n\t\t\t\t<div class=\"has_eae_slider elementor-column elementor-col-33 elementor-top-column elementor-element elementor-element-198470c\" data-eae-slider=\"21992\" data-id=\"198470c\" data-element_type=\"column\" data-e-type=\"column\">\n\t\t\t<div class=\"elementor-widget-wrap elementor-element-populated\">\n\t\t\t\t\t\t<div class=\"elementor-element elementor-element-fe2a67b elementor-widget elementor-widget-image\" data-id=\"fe2a67b\" data-element_type=\"widget\" data-e-type=\"widget\" data-widget_type=\"image.default\">\n\t\t\t\t\t\t\t\t\t\t\t\t\t\t\t<img decoding=\"async\" width=\"683\" height=\"1024\" src=\"https:\/\/cimas.edu.ec\/wp-content\/uploads\/2025\/10\/fotos-san-pedro-027-1-683x1024.jpg\" class=\"attachment-large size-large wp-image-1003\" alt=\"\" srcset=\"https:\/\/cimas.edu.ec\/wp-content\/uploads\/2025\/10\/fotos-san-pedro-027-1-683x1024.jpg 683w, https:\/\/cimas.edu.ec\/wp-content\/uploads\/2025\/10\/fotos-san-pedro-027-1-scaled-600x900.jpg 600w, https:\/\/cimas.edu.ec\/wp-content\/uploads\/2025\/10\/fotos-san-pedro-027-1-200x300.jpg 200w, https:\/\/cimas.edu.ec\/wp-content\/uploads\/2025\/10\/fotos-san-pedro-027-1-scaled.jpg 1707w\" sizes=\"(max-width: 683px) 100vw, 683px\" \/>\t\t\t\t\t\t\t\t\t\t\t\t\t\t\t<\/div>\n\t\t\t\t\t<\/div>\n\t\t<\/div>\n\t\t\t\t<div class=\"has_eae_slider elementor-column elementor-col-33 elementor-top-column elementor-element elementor-element-182079f\" data-eae-slider=\"46355\" data-id=\"182079f\" data-element_type=\"column\" data-e-type=\"column\">\n\t\t\t<div class=\"elementor-widget-wrap elementor-element-populated\">\n\t\t\t\t\t\t<div class=\"elementor-element elementor-element-d5e0b86 elementor-widget elementor-widget-image\" data-id=\"d5e0b86\" data-element_type=\"widget\" data-e-type=\"widget\" data-widget_type=\"image.default\">\n\t\t\t\t\t\t\t\t\t\t\t\t\t\t\t<img decoding=\"async\" width=\"683\" height=\"1024\" src=\"https:\/\/cimas.edu.ec\/wp-content\/uploads\/2025\/10\/fotos-san-pedro-004-1-683x1024.jpg\" class=\"attachment-large size-large wp-image-1004\" alt=\"\" srcset=\"https:\/\/cimas.edu.ec\/wp-content\/uploads\/2025\/10\/fotos-san-pedro-004-1-683x1024.jpg 683w, https:\/\/cimas.edu.ec\/wp-content\/uploads\/2025\/10\/fotos-san-pedro-004-1-scaled-600x900.jpg 600w, https:\/\/cimas.edu.ec\/wp-content\/uploads\/2025\/10\/fotos-san-pedro-004-1-200x300.jpg 200w, https:\/\/cimas.edu.ec\/wp-content\/uploads\/2025\/10\/fotos-san-pedro-004-1-scaled.jpg 1707w\" sizes=\"(max-width: 683px) 100vw, 683px\" \/>\t\t\t\t\t\t\t\t\t\t\t\t\t\t\t<\/div>\n\t\t\t\t\t<\/div>\n\t\t<\/div>\n\t\t\t\t\t<\/div>\n\t\t<\/section>\n\t\t<div class=\"has_eae_slider elementor-element elementor-element-1ce96fa e-flex e-con-boxed wpr-particle-no wpr-jarallax-no wpr-parallax-no wpr-sticky-section-no e-con e-parent\" data-eae-slider=\"67052\" data-id=\"1ce96fa\" data-element_type=\"container\" data-e-type=\"container\">\n\t\t\t\t\t<div class=\"e-con-inner\">\n\t\t\t\t<div class=\"elementor-element elementor-element-122ca93 elementor-widget elementor-widget-spacer\" data-id=\"122ca93\" data-element_type=\"widget\" data-e-type=\"widget\" data-widget_type=\"spacer.default\">\n\t\t\t\t\t\t\t<div class=\"elementor-spacer\">\n\t\t\t<div class=\"elementor-spacer-inner\"><\/div>\n\t\t<\/div>\n\t\t\t\t\t\t<\/div>\n\t\t\t\t\t<\/div>\n\t\t\t\t<\/div>\n\t\t\t\t<\/div>","protected":false},"excerpt":{"rendered":"<p>INVESTIGACI\u00d3N\u200b Conocimiento para transformar realidades Las investigaciones realizadas en el cant\u00f3n Pedro Moncayo se han convertido en una piedra angular para comprender los impactos sociales, culturales, ambientales y en la salud asociados al desarrollo agr\u00edcola en la regi\u00f3n. A trav\u00e9s de metodolog\u00edas participativas, evaluaciones comunitarias y estudios interdisciplinarios especializados, CIMAS ha generado conocimientos que no solo revelan los desaf\u00edos locales, sino que tambi\u00e9n orientan propuestas concretas para mejorar la calidad de vida de la poblaci\u00f3n. El desarrollo de herramientas innovadoras, como el Sistema de Informaci\u00f3n Local Comunitaria (SILC) (Primer Premio en el Contexto Latinoamericano y del Caribe sobre Tecnolog\u00edas en Salud, 2014), ha sido fundamental. Esta plataforma integrada re\u00fane datos sociales, ambientales y de salud para apoyar la planificaci\u00f3n territorial y la formulaci\u00f3n de pol\u00edticas p\u00fablicas basadas en evidencia. Permite comprender las tendencias de los determinantes sociales, econ\u00f3micos, culturales, ambientales y de salud ambiental \u2014multidimensionales\u2014 asociados al modelo de desarrollo de producci\u00f3n de flores orientado al mercado internacional. \u2022 2008\u20132028: Estudio sobre la exposici\u00f3n secundaria a plaguicidas en ni\u00f1os, adolescentes y personas adultas mayores del cant\u00f3n Pedro Moncayo, Ecuador.\u2022 Estudio piloto sobre la calidad del agua de riego en el cant\u00f3n Pedro Moncayo, Ecuador, 2022\u20132024, Universidad de California, San Diego.\u2022 Estudios piloto sobre contaminaci\u00f3n por plaguicidas en leche materna en el cant\u00f3n Pedro Moncayo, Ecuador.\u2022 Future Leaders in Global Health Research, Universidad de California, San Francisco (UCSF), 2023\u20132024. Fundaci\u00f3n CIMAS como punto focal para el Ecuador. En conjunto, estas iniciativas reflejan el compromiso de la Fundaci\u00f3n CIMAS con el avance de una investigaci\u00f3n cient\u00edficamente rigurosa y socialmente significativa\u2014basada en el di\u00e1logo entre la academia y las comunidades y orientada a la construcci\u00f3n de un futuro m\u00e1s equitativo, saludable y sostenible.<\/p>","protected":false},"author":3,"featured_media":0,"parent":0,"menu_order":0,"comment_status":"closed","ping_status":"closed","template":"","meta":{"site-sidebar-layout":"no-sidebar","site-content-layout":"","ast-site-content-layout":"full-width-container","site-content-style":"default","site-sidebar-style":"default","ast-global-header-display":"","ast-banner-title-visibility":"","ast-main-header-display":"","ast-hfb-above-header-display":"","ast-hfb-below-header-display":"","ast-hfb-mobile-header-display":"","site-post-title":"disabled","ast-breadcrumbs-content":"","ast-featured-img":"disabled","footer-sml-layout":"","ast-disable-related-posts":"","theme-transparent-header-meta":"","adv-header-id-meta":"","stick-header-meta":"","header-above-stick-meta":"","header-main-stick-meta":"","header-below-stick-meta":"","astra-migrate-meta-layouts":"default","ast-page-background-enabled":"default","ast-page-background-meta":{"desktop":{"background-color":"var(--ast-global-color-5)","background-image":"","background-repeat":"repeat","background-position":"center center","background-size":"auto","background-attachment":"scroll","background-type":"","background-media":"","overlay-type":"","overlay-color":"","overlay-opacity":"","overlay-gradient":""},"tablet":{"background-color":"","background-image":"","background-repeat":"repeat","background-position":"center center","background-size":"auto","background-attachment":"scroll","background-type":"","background-media":"","overlay-type":"","overlay-color":"","overlay-opacity":"","overlay-gradient":""},"mobile":{"background-color":"","background-image":"","background-repeat":"repeat","background-position":"center center","background-size":"auto","background-attachment":"scroll","background-type":"","background-media":"","overlay-type":"","overlay-color":"","overlay-opacity":"","overlay-gradient":""}},"ast-content-background-meta":{"desktop":{"background-color":"var(--ast-global-color-4)","background-image":"","background-repeat":"repeat","background-position":"center center","background-size":"auto","background-attachment":"scroll","background-type":"","background-media":"","overlay-type":"","overlay-color":"","overlay-opacity":"","overlay-gradient":""},"tablet":{"background-color":"var(--ast-global-color-4)","background-image":"","background-repeat":"repeat","background-position":"center center","background-size":"auto","background-attachment":"scroll","background-type":"","background-media":"","overlay-type":"","overlay-color":"","overlay-opacity":"","overlay-gradient":""},"mobile":{"background-color":"var(--ast-global-color-4)","background-image":"","background-repeat":"repeat","background-position":"center center","background-size":"auto","background-attachment":"scroll","background-type":"","background-media":"","overlay-type":"","overlay-color":"","overlay-opacity":"","overlay-gradient":""}},"footnotes":""},"class_list":["post-2955","page","type-page","status-publish","hentry"],"_links":{"self":[{"href":"https:\/\/cimas.edu.ec\/en\/wp-json\/wp\/v2\/pages\/2955","targetHints":{"allow":["GET"]}}],"collection":[{"href":"https:\/\/cimas.edu.ec\/en\/wp-json\/wp\/v2\/pages"}],"about":[{"href":"https:\/\/cimas.edu.ec\/en\/wp-json\/wp\/v2\/types\/page"}],"author":[{"embeddable":true,"href":"https:\/\/cimas.edu.ec\/en\/wp-json\/wp\/v2\/users\/3"}],"replies":[{"embeddable":true,"href":"https:\/\/cimas.edu.ec\/en\/wp-json\/wp\/v2\/comments?post=2955"}],"version-history":[{"count":9,"href":"https:\/\/cimas.edu.ec\/en\/wp-json\/wp\/v2\/pages\/2955\/revisions"}],"predecessor-version":[{"id":2969,"href":"https:\/\/cimas.edu.ec\/en\/wp-json\/wp\/v2\/pages\/2955\/revisions\/2969"}],"wp:attachment":[{"href":"https:\/\/cimas.edu.ec\/en\/wp-json\/wp\/v2\/media?parent=2955"}],"curies":[{"name":"wp","href":"https:\/\/api.w.org\/{rel}","templated":true}]}}