{"id":3007,"date":"2026-01-14T14:34:44","date_gmt":"2026-01-14T19:34:44","guid":{"rendered":"https:\/\/cimas.edu.ec\/?page_id=3007"},"modified":"2026-01-14T22:26:39","modified_gmt":"2026-01-15T03:26:39","slug":"sistema-de-informacion-local-comunitaria-silc","status":"publish","type":"page","link":"https:\/\/cimas.edu.ec\/en\/sistema-de-informacion-local-comunitaria-silc\/","title":{"rendered":"COMMUNITY INFORMATION SYSTEM (SILC)"},"content":{"rendered":"<div data-elementor-type=\"wp-page\" data-elementor-id=\"3007\" class=\"elementor elementor-3007\">\n\t\t\t\t<div class=\"has_eae_slider elementor-element elementor-element-be4542e e-con-full e-flex wpr-particle-no wpr-jarallax-no wpr-parallax-no wpr-sticky-section-no e-con e-parent\" data-eae-slider=\"798\" data-id=\"be4542e\" data-element_type=\"container\" data-e-type=\"container\" data-settings=\"{&quot;background_background&quot;:&quot;classic&quot;}\">\n\t\t<div class=\"has_eae_slider elementor-element elementor-element-9514e93 e-con-full e-flex wpr-particle-no wpr-jarallax-no wpr-parallax-no wpr-sticky-section-no e-con e-child\" data-eae-slider=\"55015\" data-id=\"9514e93\" data-element_type=\"container\" data-e-type=\"container\">\n\t\t\t\t<div class=\"elementor-element elementor-element-0243ce5 elementor-widget elementor-widget-heading\" data-id=\"0243ce5\" data-element_type=\"widget\" data-e-type=\"widget\" data-widget_type=\"heading.default\">\n\t\t\t\t\t<h2 class=\"elementor-heading-title elementor-size-default\">Community Local Information System <br>\n(SILC)<\/h2>\t\t\t\t<\/div>\n\t\t\t\t<\/div>\n\t\t\t\t<\/div>\n\t\t\t\t<section class=\"has_eae_slider elementor-section elementor-top-section elementor-element elementor-element-4ee954d elementor-section-boxed elementor-section-height-default elementor-section-height-default wpr-particle-no wpr-jarallax-no wpr-parallax-no wpr-sticky-section-no\" data-eae-slider=\"30766\" data-id=\"4ee954d\" data-element_type=\"section\" data-e-type=\"section\">\n\t\t\t\t\t\t<div class=\"elementor-container elementor-column-gap-default\">\n\t\t\t\t\t<div class=\"has_eae_slider elementor-column elementor-col-50 elementor-top-column elementor-element elementor-element-a2008c2\" data-eae-slider=\"63153\" data-id=\"a2008c2\" data-element_type=\"column\" data-e-type=\"column\">\n\t\t\t<div class=\"elementor-widget-wrap elementor-element-populated\">\n\t\t\t\t\t\t<div class=\"elementor-element elementor-element-e7c0981 elementor-widget elementor-widget-text-editor\" data-id=\"e7c0981\" data-element_type=\"widget\" data-e-type=\"widget\" data-widget_type=\"text-editor.default\">\n\t\t\t\t\t\t\t\t\t<p>The\u00a0<strong>- Community Local Information System (SILC).<\/strong>Developed since 2002 by Fundaci\u00f3n Cimas del Ecuador, it is a georeferenced platform designed to integrate, analyze, and visualize information collected through participatory community censuses. This system combines advanced technologies, such as Geographic Information Systems (GIS), orthophotos, and satellite imagery, with local participatory processes, aiming to identify needs, prioritize target groups, and inform policies to reduce inequities and improve public health. The SILC is regularly updated to respond to local needs and ongoing research.<\/p>\t\t\t\t\t\t\t\t<\/div>\n\t\t\t\t<div class=\"elementor-element elementor-element-ecd88f5 elementor-widget elementor-widget-image-carousel\" data-id=\"ecd88f5\" data-element_type=\"widget\" data-e-type=\"widget\" data-settings=\"{&quot;slides_to_show&quot;:&quot;1&quot;,&quot;navigation&quot;:&quot;none&quot;,&quot;autoplay_speed&quot;:2000,&quot;effect&quot;:&quot;fade&quot;,&quot;autoplay&quot;:&quot;yes&quot;,&quot;pause_on_hover&quot;:&quot;yes&quot;,&quot;pause_on_interaction&quot;:&quot;yes&quot;,&quot;infinite&quot;:&quot;yes&quot;,&quot;speed&quot;:500}\" data-widget_type=\"image-carousel.default\">\n\t\t\t\t\t\t\t<div class=\"elementor-image-carousel-wrapper swiper\" role=\"region\" aria-roledescription=\"carousel\" aria-label=\"Carrusel de im\u00e1genes\" dir=\"ltr\">\n\t\t\t<div class=\"elementor-image-carousel swiper-wrapper\" aria-live=\"off\">\n\t\t\t\t\t\t\t\t<div class=\"swiper-slide\" role=\"group\" aria-roledescription=\"slide\" aria-label=\"1 of 3\" data-no-translation-aria-label=\"\"><figure class=\"swiper-slide-inner\"><img decoding=\"async\" class=\"swiper-slide-image\" src=\"https:\/\/cimas.edu.ec\/wp-content\/uploads\/2024\/02\/FUNDACION-CIMAS-ECUADOR-fotos-san-pedro-108.jpg\" alt=\"FUNDACI\u00d3N CIMAS ECUADOR - fotos-san pedro 108\" \/><\/figure><\/div><div class=\"swiper-slide\" role=\"group\" aria-roledescription=\"slide\" aria-label=\"2 of 3\" data-no-translation-aria-label=\"\"><figure class=\"swiper-slide-inner\"><img decoding=\"async\" class=\"swiper-slide-image\" src=\"https:\/\/cimas.edu.ec\/wp-content\/uploads\/2024\/02\/FUNDACION-CIMAS-ECUADOR-foto-nina-negra-fiestas-Pedro-Moncayo.jpg\" alt=\"FUNDACI\u00d3N CIMAS ECUADOR - foto ni\u00f1a negra fiestas Pedro Moncayo\" \/><\/figure><\/div><div class=\"swiper-slide\" role=\"group\" aria-roledescription=\"slide\" aria-label=\"3 of 3\" data-no-translation-aria-label=\"\"><figure class=\"swiper-slide-inner\"><img decoding=\"async\" class=\"swiper-slide-image\" src=\"https:\/\/cimas.edu.ec\/wp-content\/uploads\/2024\/02\/FUNDACION-CIMAS-ECUADOR-foto-mujer-seria-fiestas-Pedro-Moncayo.jpg\" alt=\"FUNDACI\u00d3N CIMAS ECUADOR - foto mujer seria fiestas Pedro Moncayo\" \/><\/figure><\/div>\t\t\t<\/div>\n\t\t\t\t\t\t\t\n\t\t\t\t\t\t\t\t\t<\/div>\n\t\t\t\t\t\t<\/div>\n\t\t\t\t<div class=\"elementor-element elementor-element-6a1c30c elementor-widget elementor-widget-text-editor\" data-id=\"6a1c30c\" data-element_type=\"widget\" data-e-type=\"widget\" data-widget_type=\"text-editor.default\">\n\t\t\t\t\t\t\t\t\t<p><span>In 2014, it received\u00a0<\/span><strong>the First Prize in the eSAC Innovation Competition<\/strong><span>, an award granted by the eHealth and Equity in Latin America and the Caribbean Project (eSAC), jointly developed by IDRC, the University of Toronto, and PAHO. The initiative focuses on improving equity and well-being for marginalized populations.<\/span><\/p>\t\t\t\t\t\t\t\t<\/div>\n\t\t\t\t\t<\/div>\n\t\t<\/div>\n\t\t\t\t<div class=\"has_eae_slider elementor-column elementor-col-50 elementor-top-column elementor-element elementor-element-23f5db4\" data-eae-slider=\"5675\" data-id=\"23f5db4\" data-element_type=\"column\" data-e-type=\"column\">\n\t\t\t<div class=\"elementor-widget-wrap elementor-element-populated\">\n\t\t\t\t\t\t<div class=\"elementor-element elementor-element-00946c9 elementor-widget elementor-widget-image\" data-id=\"00946c9\" data-element_type=\"widget\" data-e-type=\"widget\" data-widget_type=\"image.default\">\n\t\t\t\t\t\t\t\t\t\t\t\t\t\t\t<img fetchpriority=\"high\" decoding=\"async\" width=\"683\" height=\"1024\" src=\"https:\/\/cimas.edu.ec\/wp-content\/uploads\/2024\/02\/FUNDACION-CIMAS-ECUADOR-foto-nina-fiestas-Pedro-Moncayo-683x1024.jpg\" class=\"attachment-large size-large wp-image-848\" alt=\"\" srcset=\"https:\/\/cimas.edu.ec\/wp-content\/uploads\/2024\/02\/FUNDACION-CIMAS-ECUADOR-foto-nina-fiestas-Pedro-Moncayo-683x1024.jpg 683w, https:\/\/cimas.edu.ec\/wp-content\/uploads\/2024\/02\/FUNDACION-CIMAS-ECUADOR-foto-nina-fiestas-Pedro-Moncayo-scaled-600x900.jpg 600w, https:\/\/cimas.edu.ec\/wp-content\/uploads\/2024\/02\/FUNDACION-CIMAS-ECUADOR-foto-nina-fiestas-Pedro-Moncayo-200x300.jpg 200w, https:\/\/cimas.edu.ec\/wp-content\/uploads\/2024\/02\/FUNDACION-CIMAS-ECUADOR-foto-nina-fiestas-Pedro-Moncayo-scaled.jpg 1707w\" sizes=\"(max-width: 683px) 100vw, 683px\" \/>\t\t\t\t\t\t\t\t\t\t\t\t\t\t\t<\/div>\n\t\t\t\t\t<\/div>\n\t\t<\/div>\n\t\t\t\t\t<\/div>\n\t\t<\/section>\n\t\t<div class=\"has_eae_slider elementor-element elementor-element-b78664e e-flex e-con-boxed wpr-particle-no wpr-jarallax-no wpr-parallax-no wpr-sticky-section-no e-con e-parent\" data-eae-slider=\"94959\" data-id=\"b78664e\" data-element_type=\"container\" data-e-type=\"container\" data-settings=\"{&quot;background_background&quot;:&quot;classic&quot;,&quot;shape_divider_top&quot;:&quot;mountains&quot;}\">\n\t\t\t\t\t<div class=\"e-con-inner\">\n\t\t\t\t<div class=\"elementor-shape elementor-shape-top\" aria-hidden=\"true\" data-negative=\"false\">\n\t\t\t<svg xmlns=\"http:\/\/www.w3.org\/2000\/svg\" viewbox=\"0 0 1000 100\" preserveaspectratio=\"none\">\n\t<path class=\"elementor-shape-fill\" opacity=\"0.33\" d=\"M473,67.3c-203.9,88.3-263.1-34-320.3,0C66,119.1,0,59.7,0,59.7V0h1000v59.7 c0,0-62.1,26.1-94.9,29.3c-32.8,3.3-62.8-12.3-75.8-22.1C806,49.6,745.3,8.7,694.9,4.7S492.4,59,473,67.3z\"\/>\n\t<path class=\"elementor-shape-fill\" opacity=\"0.66\" d=\"M734,67.3c-45.5,0-77.2-23.2-129.1-39.1c-28.6-8.7-150.3-10.1-254,39.1 s-91.7-34.4-149.2,0C115.7,118.3,0,39.8,0,39.8V0h1000v36.5c0,0-28.2-18.5-92.1-18.5C810.2,18.1,775.7,67.3,734,67.3z\"\/>\n\t<path class=\"elementor-shape-fill\" d=\"M766.1,28.9c-200-57.5-266,65.5-395.1,19.5C242,1.8,242,5.4,184.8,20.6C128,35.8,132.3,44.9,89.9,52.5C28.6,63.7,0,0,0,0 h1000c0,0-9.9,40.9-83.6,48.1S829.6,47,766.1,28.9z\"\/>\n<\/svg>\t\t<\/div>\n\t\t\t\t\t<\/div>\n\t\t\t\t<\/div>\n\t\t\t\t<section class=\"has_eae_slider elementor-section elementor-top-section elementor-element elementor-element-3b8308c elementor-section-boxed elementor-section-height-default elementor-section-height-default wpr-particle-no wpr-jarallax-no wpr-parallax-no wpr-sticky-section-no\" data-eae-slider=\"72867\" data-id=\"3b8308c\" data-element_type=\"section\" data-e-type=\"section\" data-settings=\"{&quot;background_background&quot;:&quot;classic&quot;}\">\n\t\t\t\t\t\t<div class=\"elementor-container elementor-column-gap-no\">\n\t\t\t\t\t<div class=\"has_eae_slider elementor-column elementor-col-100 elementor-top-column elementor-element elementor-element-fe03621\" data-eae-slider=\"39843\" data-id=\"fe03621\" data-element_type=\"column\" data-e-type=\"column\">\n\t\t\t<div class=\"elementor-widget-wrap elementor-element-populated\">\n\t\t\t\t\t\t<div class=\"elementor-element elementor-element-27f633c elementor-widget elementor-widget-heading\" data-id=\"27f633c\" data-element_type=\"widget\" data-e-type=\"widget\" data-widget_type=\"heading.default\">\n\t\t\t\t\t<h2 class=\"elementor-heading-title elementor-size-default\">Applications and Updates<\/h2>\t\t\t\t<\/div>\n\t\t\t\t<div class=\"elementor-element elementor-element-f79fe65 elementor-widget elementor-widget-text-editor\" data-id=\"f79fe65\" data-element_type=\"widget\" data-e-type=\"widget\" data-widget_type=\"text-editor.default\">\n\t\t\t\t\t\t\t\t\t<div class=\"wpb_text_column\"><div class=\"wpb_wrapper\"><p style=\"text-align: left;\"><strong>\u00a0<\/strong><strong>Data Updates:<\/strong><span>\u00a0<\/span>The system incorporates updated censuses and records, such as the 2017 population and housing censuses conducted in various parishes, as well as mortality and hospital discharge databases up to 2020.<\/p><p style=\"text-align: left;\"><strong>\u00a0<\/strong><strong>Project Support:<\/strong><span>\u00a0<\/span>The SILC has supported local initiatives such as:<\/p><ul style=\"text-align: left;\"><li>Early Childhood Centers for Well-Being (CIBV)<\/li><li>Daily Care Centers for Older Adults (CECUIDAM).<\/li><li>ESPINA Project \u2013 on secondary pesticide exposure<\/li><li>CINCA \u2013 Intercultural Center for Training and Agroecology<\/li><li>Water Resources Mapping, among others<\/li><\/ul><p style=\"text-align: left;\">The SILC has proven to be a key tool for local development planning and monitoring, establishing itself as a model of social and technological innovation in service of communities.<\/p><\/div><\/div>\t\t\t\t\t\t\t\t<\/div>\n\t\t\t\t\t<\/div>\n\t\t<\/div>\n\t\t\t\t\t<\/div>\n\t\t<\/section>\n\t\t\t\t<section class=\"has_eae_slider elementor-section elementor-top-section elementor-element elementor-element-0d46818 elementor-section-content-middle elementor-section-boxed elementor-section-height-default elementor-section-height-default wpr-particle-no wpr-jarallax-no wpr-parallax-no wpr-sticky-section-no\" data-eae-slider=\"86355\" data-id=\"0d46818\" data-element_type=\"section\" data-e-type=\"section\" data-settings=\"{&quot;background_background&quot;:&quot;classic&quot;}\">\n\t\t\t\t\t\t\t<div class=\"elementor-background-overlay\"><\/div>\n\t\t\t\t\t\t\t<div class=\"elementor-container elementor-column-gap-no\">\n\t\t\t\t\t<div class=\"has_eae_slider elementor-column elementor-col-33 elementor-top-column elementor-element elementor-element-151daae\" data-eae-slider=\"83857\" data-id=\"151daae\" data-element_type=\"column\" data-e-type=\"column\">\n\t\t\t<div class=\"elementor-widget-wrap elementor-element-populated\">\n\t\t\t\t\t\t<div class=\"elementor-element elementor-element-3794265 elementor-widget elementor-widget-image\" data-id=\"3794265\" data-element_type=\"widget\" data-e-type=\"widget\" data-widget_type=\"image.default\">\n\t\t\t\t\t\t\t\t\t\t\t\t\t\t\t<img decoding=\"async\" width=\"699\" height=\"483\" src=\"https:\/\/cimas.edu.ec\/wp-content\/uploads\/2024\/02\/FUNDACION-CIMAS-ECUADOR-SILC.png\" class=\"attachment-large size-large wp-image-837\" alt=\"\" srcset=\"https:\/\/cimas.edu.ec\/wp-content\/uploads\/2024\/02\/FUNDACION-CIMAS-ECUADOR-SILC.png 699w, https:\/\/cimas.edu.ec\/wp-content\/uploads\/2024\/02\/FUNDACION-CIMAS-ECUADOR-SILC-600x415.png 600w, https:\/\/cimas.edu.ec\/wp-content\/uploads\/2024\/02\/FUNDACION-CIMAS-ECUADOR-SILC-300x207.png 300w\" sizes=\"(max-width: 699px) 100vw, 699px\" \/>\t\t\t\t\t\t\t\t\t\t\t\t\t\t\t<\/div>\n\t\t\t\t\t<\/div>\n\t\t<\/div>\n\t\t\t\t<div class=\"has_eae_slider elementor-column elementor-col-33 elementor-top-column elementor-element elementor-element-8b58d15\" data-eae-slider=\"49717\" data-id=\"8b58d15\" data-element_type=\"column\" data-e-type=\"column\">\n\t\t\t<div class=\"elementor-widget-wrap elementor-element-populated\">\n\t\t\t\t\t\t<div class=\"elementor-element elementor-element-c11a2cf elementor-widget elementor-widget-image\" data-id=\"c11a2cf\" data-element_type=\"widget\" data-e-type=\"widget\" data-widget_type=\"image.default\">\n\t\t\t\t\t\t\t\t\t\t\t\t\t\t\t<img decoding=\"async\" width=\"575\" height=\"402\" src=\"https:\/\/cimas.edu.ec\/wp-content\/uploads\/2024\/02\/FUNDACION-CIMAS-ECUADOR-COMUNIDADES-PEDRO-MONCAYO.png\" class=\"attachment-large size-large wp-image-836\" alt=\"\" srcset=\"https:\/\/cimas.edu.ec\/wp-content\/uploads\/2024\/02\/FUNDACION-CIMAS-ECUADOR-COMUNIDADES-PEDRO-MONCAYO.png 575w, https:\/\/cimas.edu.ec\/wp-content\/uploads\/2024\/02\/FUNDACION-CIMAS-ECUADOR-COMUNIDADES-PEDRO-MONCAYO-300x210.png 300w\" sizes=\"(max-width: 575px) 100vw, 575px\" \/>\t\t\t\t\t\t\t\t\t\t\t\t\t\t\t<\/div>\n\t\t\t\t\t<\/div>\n\t\t<\/div>\n\t\t\t\t<div class=\"has_eae_slider elementor-column elementor-col-33 elementor-top-column elementor-element elementor-element-70073a7\" data-eae-slider=\"31122\" data-id=\"70073a7\" data-element_type=\"column\" data-e-type=\"column\">\n\t\t\t<div class=\"elementor-widget-wrap elementor-element-populated\">\n\t\t\t\t\t\t<div class=\"elementor-element elementor-element-17cac94 elementor-widget elementor-widget-image\" data-id=\"17cac94\" data-element_type=\"widget\" data-e-type=\"widget\" data-widget_type=\"image.default\">\n\t\t\t\t\t\t\t\t\t\t\t\t\t\t\t<img loading=\"lazy\" decoding=\"async\" width=\"679\" height=\"474\" src=\"https:\/\/cimas.edu.ec\/wp-content\/uploads\/2024\/02\/FUNDACION-CIMAS-ECUADOR-UBICACION-VIVIENDAS-PEDRO-MONCAYO.png\" class=\"attachment-large size-large wp-image-838\" alt=\"\" srcset=\"https:\/\/cimas.edu.ec\/wp-content\/uploads\/2024\/02\/FUNDACION-CIMAS-ECUADOR-UBICACION-VIVIENDAS-PEDRO-MONCAYO.png 679w, https:\/\/cimas.edu.ec\/wp-content\/uploads\/2024\/02\/FUNDACION-CIMAS-ECUADOR-UBICACION-VIVIENDAS-PEDRO-MONCAYO-600x419.png 600w, https:\/\/cimas.edu.ec\/wp-content\/uploads\/2024\/02\/FUNDACION-CIMAS-ECUADOR-UBICACION-VIVIENDAS-PEDRO-MONCAYO-300x209.png 300w\" sizes=\"(max-width: 679px) 100vw, 679px\" \/>\t\t\t\t\t\t\t\t\t\t\t\t\t\t\t<\/div>\n\t\t\t\t\t<\/div>\n\t\t<\/div>\n\t\t\t\t\t<\/div>\n\t\t<\/section>\n\t\t\t\t<\/div>","protected":false},"excerpt":{"rendered":"<p>Sistema de Informaci\u00f3n Local Comunitario (SILC) El\u00a0Sistema de Informaci\u00f3n Local Comunitario (SILC), desarrollado desde 2002 por la Fundaci\u00f3n Cimas del Ecuador, es una plataforma geo-referenciada dise\u00f1ada para integrar, analizar y visualizar informaci\u00f3n recolectada mediante censos comunitarios participativos. Este sistema combina tecnolog\u00edas avanzadas, como sistemas de informaci\u00f3n geogr\u00e1fica (SIG), ortofotos e im\u00e1genes satelitales, con procesos locales participativos, con el objetivo de identificar necesidades, grupos prioritarios y formular pol\u00edticas para reducir inequidades y mejorar la salud colectiva. El SILC se actualiza regularmente para responder a necesidades locales e investigaciones. En 2014, recibi\u00f3 el\u00a0Primer Premio en el Concurso de Innovaci\u00f3n eSAC, un reconocimiento otorgado por el Proyecto eSalud P\u00fablica y Equidad en Am\u00e9rica Latina y el Caribe (eSAC), desarrollado en conjunto por IDRC, la Universidad de Toronto y la OPS, enfocado en mejorar la equidad y el bienestar de poblaciones marginadas. Aplicaciones y Actualizaciones: \u00a0Actualizaci\u00f3n de datos:\u00a0El sistema incorpora censos y registros actualizados, como los censos de poblaci\u00f3n y vivienda realizados en 2017 en diversas parroquias y bases de datos de mortalidad y egresos hospitalarios hasta 2020. \u00a0Base para proyectos:\u00a0El SILC ha respaldado iniciativas locales como: Centros Infantiles del Buen Vivir (CIBV). Centros de Cuidado Diario del Adulto Mayor (CECUIDAM). Proyecto ESPINA, sobre exposici\u00f3n secundaria a plaguicidas. CINCA, Centro Intercultural de Capacitaci\u00f3n y Agroecolog\u00eda. Mapeo de recursos h\u00eddricos, entre otros. El SILC ha demostrado ser una herramienta clave para la planificaci\u00f3n y monitoreo del desarrollo local, consolid\u00e1ndose como un modelo de innovaci\u00f3n social y tecnol\u00f3gica al servicio de las comunidades.<\/p>","protected":false},"author":3,"featured_media":0,"parent":0,"menu_order":0,"comment_status":"closed","ping_status":"closed","template":"","meta":{"site-sidebar-layout":"no-sidebar","site-content-layout":"","ast-site-content-layout":"full-width-container","site-content-style":"default","site-sidebar-style":"default","ast-global-header-display":"","ast-banner-title-visibility":"","ast-main-header-display":"","ast-hfb-above-header-display":"","ast-hfb-below-header-display":"","ast-hfb-mobile-header-display":"","site-post-title":"disabled","ast-breadcrumbs-content":"","ast-featured-img":"disabled","footer-sml-layout":"","ast-disable-related-posts":"","theme-transparent-header-meta":"","adv-header-id-meta":"","stick-header-meta":"","header-above-stick-meta":"","header-main-stick-meta":"","header-below-stick-meta":"","astra-migrate-meta-layouts":"default","ast-page-background-enabled":"default","ast-page-background-meta":{"desktop":{"background-color":"var(--ast-global-color-5)","background-image":"","background-repeat":"repeat","background-position":"center center","background-size":"auto","background-attachment":"scroll","background-type":"","background-media":"","overlay-type":"","overlay-color":"","overlay-opacity":"","overlay-gradient":""},"tablet":{"background-color":"","background-image":"","background-repeat":"repeat","background-position":"center center","background-size":"auto","background-attachment":"scroll","background-type":"","background-media":"","overlay-type":"","overlay-color":"","overlay-opacity":"","overlay-gradient":""},"mobile":{"background-color":"","background-image":"","background-repeat":"repeat","background-position":"center center","background-size":"auto","background-attachment":"scroll","background-type":"","background-media":"","overlay-type":"","overlay-color":"","overlay-opacity":"","overlay-gradient":""}},"ast-content-background-meta":{"desktop":{"background-color":"var(--ast-global-color-4)","background-image":"","background-repeat":"repeat","background-position":"center center","background-size":"auto","background-attachment":"scroll","background-type":"","background-media":"","overlay-type":"","overlay-color":"","overlay-opacity":"","overlay-gradient":""},"tablet":{"background-color":"var(--ast-global-color-4)","background-image":"","background-repeat":"repeat","background-position":"center center","background-size":"auto","background-attachment":"scroll","background-type":"","background-media":"","overlay-type":"","overlay-color":"","overlay-opacity":"","overlay-gradient":""},"mobile":{"background-color":"var(--ast-global-color-4)","background-image":"","background-repeat":"repeat","background-position":"center center","background-size":"auto","background-attachment":"scroll","background-type":"","background-media":"","overlay-type":"","overlay-color":"","overlay-opacity":"","overlay-gradient":""}},"footnotes":""},"class_list":["post-3007","page","type-page","status-publish","hentry"],"_links":{"self":[{"href":"https:\/\/cimas.edu.ec\/en\/wp-json\/wp\/v2\/pages\/3007","targetHints":{"allow":["GET"]}}],"collection":[{"href":"https:\/\/cimas.edu.ec\/en\/wp-json\/wp\/v2\/pages"}],"about":[{"href":"https:\/\/cimas.edu.ec\/en\/wp-json\/wp\/v2\/types\/page"}],"author":[{"embeddable":true,"href":"https:\/\/cimas.edu.ec\/en\/wp-json\/wp\/v2\/users\/3"}],"replies":[{"embeddable":true,"href":"https:\/\/cimas.edu.ec\/en\/wp-json\/wp\/v2\/comments?post=3007"}],"version-history":[{"count":7,"href":"https:\/\/cimas.edu.ec\/en\/wp-json\/wp\/v2\/pages\/3007\/revisions"}],"predecessor-version":[{"id":3040,"href":"https:\/\/cimas.edu.ec\/en\/wp-json\/wp\/v2\/pages\/3007\/revisions\/3040"}],"wp:attachment":[{"href":"https:\/\/cimas.edu.ec\/en\/wp-json\/wp\/v2\/media?parent=3007"}],"curies":[{"name":"wp","href":"https:\/\/api.w.org\/{rel}","templated":true}]}}