{"id":3022,"date":"2026-01-14T14:44:55","date_gmt":"2026-01-14T19:44:55","guid":{"rendered":"https:\/\/cimas.edu.ec\/?page_id=3022"},"modified":"2026-01-23T09:07:37","modified_gmt":"2026-01-23T14:07:37","slug":"comunitario","status":"publish","type":"page","link":"https:\/\/cimas.edu.ec\/en\/comunitario\/","title":{"rendered":"COMMUNITY"},"content":{"rendered":"<div data-elementor-type=\"wp-page\" data-elementor-id=\"3022\" class=\"elementor elementor-3022\">\n\t\t\t\t<div class=\"has_eae_slider elementor-element elementor-element-8b1182a e-con-full e-flex wpr-particle-no wpr-jarallax-no wpr-parallax-no wpr-sticky-section-no e-con e-parent\" data-eae-slider=\"40050\" data-id=\"8b1182a\" data-element_type=\"container\" data-e-type=\"container\" data-settings=\"{&quot;background_background&quot;:&quot;classic&quot;}\">\n\t\t<div class=\"has_eae_slider elementor-element elementor-element-2f1acf6 e-con-full e-flex wpr-particle-no wpr-jarallax-no wpr-parallax-no wpr-sticky-section-no e-con e-child\" data-eae-slider=\"50816\" data-id=\"2f1acf6\" data-element_type=\"container\" data-e-type=\"container\">\n\t\t\t\t<div class=\"elementor-element elementor-element-4caab5d elementor-widget elementor-widget-heading\" data-id=\"4caab5d\" data-element_type=\"widget\" data-e-type=\"widget\" data-widget_type=\"heading.default\">\n\t\t\t\t\t<h2 class=\"elementor-heading-title elementor-size-default\">COMMUNITY<\/h2>\t\t\t\t<\/div>\n\t\t\t\t<\/div>\n\t\t\t\t<\/div>\n\t\t\t\t<section class=\"has_eae_slider elementor-section elementor-top-section elementor-element elementor-element-621d9ee elementor-section-boxed elementor-section-height-default elementor-section-height-default wpr-particle-no wpr-jarallax-no wpr-parallax-no wpr-sticky-section-no\" data-eae-slider=\"59934\" data-id=\"621d9ee\" data-element_type=\"section\" data-e-type=\"section\" data-settings=\"{&quot;background_background&quot;:&quot;classic&quot;}\">\n\t\t\t\t\t\t<div class=\"elementor-container elementor-column-gap-no\">\n\t\t\t\t\t<div class=\"has_eae_slider elementor-column elementor-col-100 elementor-top-column elementor-element elementor-element-03a6116\" data-eae-slider=\"68236\" data-id=\"03a6116\" data-element_type=\"column\" data-e-type=\"column\">\n\t\t\t<div class=\"elementor-widget-wrap elementor-element-populated\">\n\t\t\t\t\t\t<div class=\"elementor-element elementor-element-6ac6f01 elementor-widget elementor-widget-heading\" data-id=\"6ac6f01\" data-element_type=\"widget\" data-e-type=\"widget\" data-widget_type=\"heading.default\">\n\t\t\t\t\t<h2 class=\"elementor-heading-title elementor-size-default\">Knowledge to Transform<\/h2>\t\t\t\t<\/div>\n\t\t\t\t<div class=\"elementor-element elementor-element-142350f elementor-widget elementor-widget-text-editor\" data-id=\"142350f\" data-element_type=\"widget\" data-e-type=\"widget\" data-widget_type=\"text-editor.default\">\n\t\t\t\t\t\t\t\t\t<p style=\"text-align: left;\">Fundaci\u00f3n Cimas del Ecuador seeks to connect its academic and research programs with the realities of marginalized communities, both urban and rural, through participatory action research in environmental, social, cultural, and health areas. This work is carried out from an intercultural, gender, and generational perspective, supporting participatory processes to build alternatives for local development. Additionally, it focuses on sharing the results of these processes, organizing scientific events, and promoting public dissemination.<\/p><p style=\"text-align: left;\">By engaging in community processes, CIMAS facilitates the development of participatory planning-based local development alternatives, identifying needs and intervention priorities from diverse worldviews. This approach uses up-to-date community information to monitor, evaluate, and report on changes at the community level.<\/p><p style=\"text-align: left;\">Since 2000, Fundaci\u00f3n Cimas has supported participatory processes in Pedro Moncayo Canton, contributing to the consolidation of the Cantonal Health Council and providing technical assistance in participatory planning for Rural Decentralized Autonomous Governments. It has also assisted in the participatory development and updating of Territorial Planning and Development Plans (PDOTs) for rural parishes in Pedro Moncayo Canton, both in 2015 and 2023.<\/p>\t\t\t\t\t\t\t\t<\/div>\n\t\t\t\t\t<\/div>\n\t\t<\/div>\n\t\t\t\t\t<\/div>\n\t\t<\/section>\n\t\t\t\t<section class=\"has_eae_slider elementor-section elementor-top-section elementor-element elementor-element-3187e7c elementor-section-boxed elementor-section-height-default elementor-section-height-default wpr-particle-no wpr-jarallax-no wpr-parallax-no wpr-sticky-section-no\" data-eae-slider=\"77893\" data-id=\"3187e7c\" data-element_type=\"section\" data-e-type=\"section\" data-settings=\"{&quot;background_background&quot;:&quot;classic&quot;}\">\n\t\t\t\t\t\t<div class=\"elementor-container elementor-column-gap-no\">\n\t\t\t\t\t<div class=\"has_eae_slider elementor-column elementor-col-100 elementor-top-column elementor-element elementor-element-78cfd05\" data-eae-slider=\"85992\" data-id=\"78cfd05\" data-element_type=\"column\" data-e-type=\"column\">\n\t\t\t<div class=\"elementor-widget-wrap elementor-element-populated\">\n\t\t\t\t\t\t<div class=\"elementor-element elementor-element-b2db95f elementor-widget elementor-widget-heading\" data-id=\"b2db95f\" data-element_type=\"widget\" data-e-type=\"widget\" data-widget_type=\"heading.default\">\n\t\t\t\t\t<h2 class=\"elementor-heading-title elementor-size-default\">Community Projects of the Foundation<\/h2>\t\t\t\t<\/div>\n\t\t\t\t<div class=\"elementor-element elementor-element-7cf8316 elementor-widget elementor-widget-text-editor\" data-id=\"7cf8316\" data-element_type=\"widget\" data-e-type=\"widget\" data-widget_type=\"text-editor.default\">\n\t\t\t\t\t\t\t\t\t<p style=\"text-align: left;\">The main goal is to understand the importance of Ecuador\u2019s mega biodiversity and cultural diversity, as well as the relationship between the economic model and the use of natural resources.<\/p><ul><li style=\"text-align: left;\">Free Medical and Dental Brigades<\/li><li style=\"text-align: left;\">Dental Clinic in San Juan de Malchingu\u00ed<\/li><li style=\"text-align: left;\">Medical Brigade from the University of Kentucky, August 2008<\/li><li style=\"text-align: left;\">Medical Brigade from the Judith Lombeida Foundation, August 2008<\/li><li style=\"text-align: left;\">Dental Brigade from Adopt-a-Village International, August 2008<\/li><li style=\"text-align: left;\">Dental Brigade from the Judith Lombeida Foundation, April 2009<\/li><li style=\"text-align: left;\">Medical Brigade from the University of Kentucky, May 2009<\/li><li style=\"text-align: left;\">Traumatological Surgery Brigade sponsored by the Rotary Club and Hospital de los Valles, September 2009<\/li><li style=\"text-align: left;\">Dental Brigade from the Judith Lombeida Foundation, March 2010<\/li><li style=\"text-align: left;\">Dental Brigade from Adopt-a-Village International, August 2010<\/li><li style=\"text-align: left;\">Dental Brigade from Adopt-a-Village International, August 2010<\/li><li style=\"text-align: left;\">Medical-Surgical Brigade from the Judith Lombeida Foundation, September 2010<\/li><\/ul>\t\t\t\t\t\t\t\t<\/div>\n\t\t\t\t\t<\/div>\n\t\t<\/div>\n\t\t\t\t\t<\/div>\n\t\t<\/section>\n\t\t\t\t<section class=\"has_eae_slider elementor-section elementor-top-section elementor-element elementor-element-cfb5813 elementor-section-boxed elementor-section-height-default elementor-section-height-default wpr-particle-no wpr-jarallax-no wpr-parallax-no wpr-sticky-section-no\" data-eae-slider=\"97856\" data-id=\"cfb5813\" data-element_type=\"section\" data-e-type=\"section\">\n\t\t\t\t\t\t<div class=\"elementor-container elementor-column-gap-no\">\n\t\t\t\t\t<div class=\"has_eae_slider elementor-column elementor-col-100 elementor-top-column elementor-element elementor-element-7a59c82\" data-eae-slider=\"66783\" data-id=\"7a59c82\" data-element_type=\"column\" data-e-type=\"column\">\n\t\t\t<div class=\"elementor-widget-wrap elementor-element-populated\">\n\t\t\t\t\t\t<section class=\"has_eae_slider elementor-section elementor-inner-section elementor-element elementor-element-bc63881 elementor-section-boxed elementor-section-height-default elementor-section-height-default wpr-particle-no wpr-jarallax-no wpr-parallax-no wpr-sticky-section-no\" data-eae-slider=\"30346\" data-id=\"bc63881\" data-element_type=\"section\" data-e-type=\"section\">\n\t\t\t\t\t\t<div class=\"elementor-container elementor-column-gap-default\">\n\t\t\t\t\t<div class=\"has_eae_slider elementor-column elementor-col-20 elementor-inner-column elementor-element elementor-element-1fc537b\" data-eae-slider=\"71027\" data-id=\"1fc537b\" data-element_type=\"column\" data-e-type=\"column\">\n\t\t\t<div class=\"elementor-widget-wrap elementor-element-populated\">\n\t\t\t\t\t\t<div class=\"elementor-element elementor-element-c02e5ac elementor-widget elementor-widget-image\" data-id=\"c02e5ac\" data-element_type=\"widget\" data-e-type=\"widget\" data-widget_type=\"image.default\">\n\t\t\t\t\t\t\t\t\t\t\t\t\t\t\t<img fetchpriority=\"high\" decoding=\"async\" width=\"313\" height=\"313\" src=\"https:\/\/cimas.edu.ec\/wp-content\/uploads\/2024\/02\/CIMAS-ALIADOS-05.png\" class=\"attachment-large size-large wp-image-703\" alt=\"\" srcset=\"https:\/\/cimas.edu.ec\/wp-content\/uploads\/2024\/02\/CIMAS-ALIADOS-05.png 313w, https:\/\/cimas.edu.ec\/wp-content\/uploads\/2024\/02\/CIMAS-ALIADOS-05-300x300.png 300w, https:\/\/cimas.edu.ec\/wp-content\/uploads\/2024\/02\/CIMAS-ALIADOS-05-150x150.png 150w\" sizes=\"(max-width: 313px) 100vw, 313px\" \/>\t\t\t\t\t\t\t\t\t\t\t\t\t\t\t<\/div>\n\t\t\t\t\t<\/div>\n\t\t<\/div>\n\t\t\t\t<div class=\"has_eae_slider elementor-column elementor-col-20 elementor-inner-column elementor-element elementor-element-06dc85b\" data-eae-slider=\"82715\" data-id=\"06dc85b\" data-element_type=\"column\" data-e-type=\"column\">\n\t\t\t<div class=\"elementor-widget-wrap elementor-element-populated\">\n\t\t\t\t\t\t<div class=\"elementor-element elementor-element-f1c99c6 elementor-widget elementor-widget-image\" data-id=\"f1c99c6\" data-element_type=\"widget\" data-e-type=\"widget\" data-widget_type=\"image.default\">\n\t\t\t\t\t\t\t\t\t\t\t\t\t\t\t<img decoding=\"async\" width=\"313\" height=\"313\" src=\"https:\/\/cimas.edu.ec\/wp-content\/uploads\/2024\/02\/CIMAS-ALIADOS-01.png\" class=\"attachment-large size-large wp-image-704\" alt=\"\" srcset=\"https:\/\/cimas.edu.ec\/wp-content\/uploads\/2024\/02\/CIMAS-ALIADOS-01.png 313w, https:\/\/cimas.edu.ec\/wp-content\/uploads\/2024\/02\/CIMAS-ALIADOS-01-300x300.png 300w, https:\/\/cimas.edu.ec\/wp-content\/uploads\/2024\/02\/CIMAS-ALIADOS-01-150x150.png 150w\" sizes=\"(max-width: 313px) 100vw, 313px\" \/>\t\t\t\t\t\t\t\t\t\t\t\t\t\t\t<\/div>\n\t\t\t\t\t<\/div>\n\t\t<\/div>\n\t\t\t\t<div class=\"has_eae_slider elementor-column elementor-col-20 elementor-inner-column elementor-element elementor-element-efa96c3\" data-eae-slider=\"34599\" data-id=\"efa96c3\" data-element_type=\"column\" data-e-type=\"column\">\n\t\t\t<div class=\"elementor-widget-wrap elementor-element-populated\">\n\t\t\t\t\t\t<div class=\"elementor-element elementor-element-f86ea9c elementor-widget elementor-widget-image\" data-id=\"f86ea9c\" data-element_type=\"widget\" data-e-type=\"widget\" data-widget_type=\"image.default\">\n\t\t\t\t\t\t\t\t\t\t\t\t\t\t\t<img decoding=\"async\" width=\"313\" height=\"313\" src=\"https:\/\/cimas.edu.ec\/wp-content\/uploads\/2024\/02\/CIMAS-ALIADOS-02.png\" class=\"attachment-large size-large wp-image-705\" alt=\"\" srcset=\"https:\/\/cimas.edu.ec\/wp-content\/uploads\/2024\/02\/CIMAS-ALIADOS-02.png 313w, https:\/\/cimas.edu.ec\/wp-content\/uploads\/2024\/02\/CIMAS-ALIADOS-02-300x300.png 300w, https:\/\/cimas.edu.ec\/wp-content\/uploads\/2024\/02\/CIMAS-ALIADOS-02-150x150.png 150w\" sizes=\"(max-width: 313px) 100vw, 313px\" \/>\t\t\t\t\t\t\t\t\t\t\t\t\t\t\t<\/div>\n\t\t\t\t\t<\/div>\n\t\t<\/div>\n\t\t\t\t<div class=\"has_eae_slider elementor-column elementor-col-20 elementor-inner-column elementor-element elementor-element-e9d9cbf\" data-eae-slider=\"72922\" data-id=\"e9d9cbf\" data-element_type=\"column\" data-e-type=\"column\">\n\t\t\t<div class=\"elementor-widget-wrap elementor-element-populated\">\n\t\t\t\t\t\t<div class=\"elementor-element elementor-element-58e3749 elementor-widget elementor-widget-image\" data-id=\"58e3749\" data-element_type=\"widget\" data-e-type=\"widget\" data-widget_type=\"image.default\">\n\t\t\t\t\t\t\t\t\t\t\t\t\t\t\t<img loading=\"lazy\" decoding=\"async\" width=\"313\" height=\"313\" src=\"https:\/\/cimas.edu.ec\/wp-content\/uploads\/2024\/02\/CIMAS-ALIADOS-03.png\" class=\"attachment-large size-large wp-image-706\" alt=\"\" srcset=\"https:\/\/cimas.edu.ec\/wp-content\/uploads\/2024\/02\/CIMAS-ALIADOS-03.png 313w, https:\/\/cimas.edu.ec\/wp-content\/uploads\/2024\/02\/CIMAS-ALIADOS-03-300x300.png 300w, https:\/\/cimas.edu.ec\/wp-content\/uploads\/2024\/02\/CIMAS-ALIADOS-03-150x150.png 150w\" sizes=\"(max-width: 313px) 100vw, 313px\" \/>\t\t\t\t\t\t\t\t\t\t\t\t\t\t\t<\/div>\n\t\t\t\t\t<\/div>\n\t\t<\/div>\n\t\t\t\t<div class=\"has_eae_slider elementor-column elementor-col-20 elementor-inner-column elementor-element elementor-element-7eeb2b9\" data-eae-slider=\"79564\" data-id=\"7eeb2b9\" data-element_type=\"column\" data-e-type=\"column\">\n\t\t\t<div class=\"elementor-widget-wrap elementor-element-populated\">\n\t\t\t\t\t\t<div class=\"elementor-element elementor-element-5acefef elementor-widget elementor-widget-image\" data-id=\"5acefef\" data-element_type=\"widget\" data-e-type=\"widget\" data-widget_type=\"image.default\">\n\t\t\t\t\t\t\t\t\t\t\t\t\t\t\t<img loading=\"lazy\" decoding=\"async\" width=\"313\" height=\"313\" src=\"https:\/\/cimas.edu.ec\/wp-content\/uploads\/2024\/02\/CIMAS-ALIADOS-04.png\" class=\"attachment-large size-large wp-image-707\" alt=\"\" srcset=\"https:\/\/cimas.edu.ec\/wp-content\/uploads\/2024\/02\/CIMAS-ALIADOS-04.png 313w, https:\/\/cimas.edu.ec\/wp-content\/uploads\/2024\/02\/CIMAS-ALIADOS-04-300x300.png 300w, https:\/\/cimas.edu.ec\/wp-content\/uploads\/2024\/02\/CIMAS-ALIADOS-04-150x150.png 150w\" sizes=\"(max-width: 313px) 100vw, 313px\" \/>\t\t\t\t\t\t\t\t\t\t\t\t\t\t\t<\/div>\n\t\t\t\t\t<\/div>\n\t\t<\/div>\n\t\t\t\t\t<\/div>\n\t\t<\/section>\n\t\t\t\t\t<\/div>\n\t\t<\/div>\n\t\t\t\t\t<\/div>\n\t\t<\/section>\n\t\t\t\t<\/div>","protected":false},"excerpt":{"rendered":"<p>COMUNITARIO Saber para transformar Fundaci\u00f3n Cimas del Ecuador busca vincular sus programas acad\u00e9micos y de investigaci\u00f3n con la realidad de las comunidades marginales, tanto urbanas como rurales, a trav\u00e9s de la investigaci\u00f3n-acci\u00f3n participativa en \u00e1reas medioambientales, sociales, culturales y de salud. Esta labor se realiza desde una perspectiva intercultural, de g\u00e9nero y generacional, apoyando procesos participativos para construir alternativas de desarrollo local. Adem\u00e1s, se enfoca en socializar los resultados de estos procesos, organizar eventos cient\u00edficos y promover la difusi\u00f3n popular. Al participar en procesos comunitarios, CIMAS facilita la construcci\u00f3n de alternativas de desarrollo basadas en la planificaci\u00f3n participativa, que identifica necesidades y prioridades de intervenci\u00f3n desde diversas cosmovisiones. Este enfoque utiliza informaci\u00f3n comunitaria actualizada para monitorear, evaluar y rendir cuentas de los cambios a nivel comunitario. Desde el a\u00f1o 2000, la Fundaci\u00f3n Cimas ha apoyado procesos participativos en el Cant\u00f3n Pedro Moncayo, contribuyendo a la consolidaci\u00f3n del Consejo Cantonal de Salud y brindando asistencia t\u00e9cnica en la planificaci\u00f3n participativa de los Gobiernos Aut\u00f3nomos Descentralizados Rurales. Adem\u00e1s, ha asistido en la elaboraci\u00f3n y actualizaci\u00f3n participativa de los Planes de Desarrollo y Ordenamiento Territorial (PDOT) de las parroquias rurales del cant\u00f3n Pedro Moncayo, tanto en el a\u00f1o 2015 como en el 2023. Proyectos Comunitarios de la Fundaci\u00f3n El principal objetivo es conocer la importancia de la mega diversidad biol\u00f3gica y cultural del Ecuador as\u00ed como de entender la relaci\u00f3n entre el modelo econ\u00f3mico y el uso de recursos naturales. Brigadas M\u00e9dicas y Dentales gratuitas Consultorio Odontol\u00f3gico en San Juan de Malchingu\u00ed Brigada M\u00e9dica de la Universidad de Kentucky. Agosto 2008 Brigada M\u00e9dica de la Fundaci\u00f3n Judith Lombeida. Agosto 2008 Brigada Odontol\u00f3gica de Adopt-a Village International. Agosto 2008 Brigada Odontol\u00f3gica de la Fundaci\u00f3n Judith Lombeida. Abril 2009 Brigada M\u00e9dica de la Universidad de Kentucky. Mayo 2009 Brigada de Cirug\u00eda Traumatol\u00f3gica auspiciada por el Club Rotario y el Hospital de los Valles. Septiembre 2009 Brigada Odontol\u00f3gica de la Fundaci\u00f3n Judith Lombeida. Marzo 2010. Brigada Odontol\u00f3gica de Adopt-a-Village International. Agosto 2010 Brigada Odontol\u00f3gica de Adopt-a-Village International. Agosto 2010 Brigada M\u00e9dico Quir\u00fargica de Fundaci\u00f3n Judith Lombeida. Septiembre 2010<\/p>","protected":false},"author":3,"featured_media":0,"parent":0,"menu_order":0,"comment_status":"closed","ping_status":"closed","template":"","meta":{"site-sidebar-layout":"no-sidebar","site-content-layout":"","ast-site-content-layout":"full-width-container","site-content-style":"default","site-sidebar-style":"default","ast-global-header-display":"","ast-banner-title-visibility":"","ast-main-header-display":"","ast-hfb-above-header-display":"","ast-hfb-below-header-display":"","ast-hfb-mobile-header-display":"","site-post-title":"disabled","ast-breadcrumbs-content":"","ast-featured-img":"disabled","footer-sml-layout":"","ast-disable-related-posts":"","theme-transparent-header-meta":"","adv-header-id-meta":"","stick-header-meta":"","header-above-stick-meta":"","header-main-stick-meta":"","header-below-stick-meta":"","astra-migrate-meta-layouts":"default","ast-page-background-enabled":"default","ast-page-background-meta":{"desktop":{"background-color":"var(--ast-global-color-5)","background-image":"","background-repeat":"repeat","background-position":"center center","background-size":"auto","background-attachment":"scroll","background-type":"","background-media":"","overlay-type":"","overlay-color":"","overlay-opacity":"","overlay-gradient":""},"tablet":{"background-color":"","background-image":"","background-repeat":"repeat","background-position":"center center","background-size":"auto","background-attachment":"scroll","background-type":"","background-media":"","overlay-type":"","overlay-color":"","overlay-opacity":"","overlay-gradient":""},"mobile":{"background-color":"","background-image":"","background-repeat":"repeat","background-position":"center center","background-size":"auto","background-attachment":"scroll","background-type":"","background-media":"","overlay-type":"","overlay-color":"","overlay-opacity":"","overlay-gradient":""}},"ast-content-background-meta":{"desktop":{"background-color":"var(--ast-global-color-4)","background-image":"","background-repeat":"repeat","background-position":"center center","background-size":"auto","background-attachment":"scroll","background-type":"","background-media":"","overlay-type":"","overlay-color":"","overlay-opacity":"","overlay-gradient":""},"tablet":{"background-color":"var(--ast-global-color-4)","background-image":"","background-repeat":"repeat","background-position":"center center","background-size":"auto","background-attachment":"scroll","background-type":"","background-media":"","overlay-type":"","overlay-color":"","overlay-opacity":"","overlay-gradient":""},"mobile":{"background-color":"var(--ast-global-color-4)","background-image":"","background-repeat":"repeat","background-position":"center center","background-size":"auto","background-attachment":"scroll","background-type":"","background-media":"","overlay-type":"","overlay-color":"","overlay-opacity":"","overlay-gradient":""}},"footnotes":""},"class_list":["post-3022","page","type-page","status-publish","hentry"],"_links":{"self":[{"href":"https:\/\/cimas.edu.ec\/en\/wp-json\/wp\/v2\/pages\/3022","targetHints":{"allow":["GET"]}}],"collection":[{"href":"https:\/\/cimas.edu.ec\/en\/wp-json\/wp\/v2\/pages"}],"about":[{"href":"https:\/\/cimas.edu.ec\/en\/wp-json\/wp\/v2\/types\/page"}],"author":[{"embeddable":true,"href":"https:\/\/cimas.edu.ec\/en\/wp-json\/wp\/v2\/users\/3"}],"replies":[{"embeddable":true,"href":"https:\/\/cimas.edu.ec\/en\/wp-json\/wp\/v2\/comments?post=3022"}],"version-history":[{"count":11,"href":"https:\/\/cimas.edu.ec\/en\/wp-json\/wp\/v2\/pages\/3022\/revisions"}],"predecessor-version":[{"id":3259,"href":"https:\/\/cimas.edu.ec\/en\/wp-json\/wp\/v2\/pages\/3022\/revisions\/3259"}],"wp:attachment":[{"href":"https:\/\/cimas.edu.ec\/en\/wp-json\/wp\/v2\/media?parent=3022"}],"curies":[{"name":"wp","href":"https:\/\/api.w.org\/{rel}","templated":true}]}}