{"id":3054,"date":"2026-01-14T15:09:29","date_gmt":"2026-01-14T20:09:29","guid":{"rendered":"https:\/\/cimas.edu.ec\/?page_id=3054"},"modified":"2026-01-14T15:13:55","modified_gmt":"2026-01-14T20:13:55","slug":"marl7","status":"publish","type":"page","link":"https:\/\/cimas.edu.ec\/en\/marl7\/","title":{"rendered":"MARL"},"content":{"rendered":"<div data-elementor-type=\"wp-page\" data-elementor-id=\"3054\" class=\"elementor elementor-3054\">\n\t\t\t\t<div class=\"has_eae_slider elementor-element elementor-element-b7479e2 e-con-full e-flex wpr-particle-no wpr-jarallax-no wpr-parallax-no wpr-sticky-section-no e-con e-parent\" data-eae-slider=\"49504\" data-id=\"b7479e2\" data-element_type=\"container\" data-e-type=\"container\" data-settings=\"{&quot;background_background&quot;:&quot;classic&quot;}\">\n\t\t<div class=\"has_eae_slider elementor-element elementor-element-72e4feb e-con-full e-flex wpr-particle-no wpr-jarallax-no wpr-parallax-no wpr-sticky-section-no e-con e-child\" data-eae-slider=\"58184\" data-id=\"72e4feb\" data-element_type=\"container\" data-e-type=\"container\">\n\t\t\t\t<div class=\"elementor-element elementor-element-8be70c9 elementor-widget elementor-widget-heading\" data-id=\"8be70c9\" data-element_type=\"widget\" data-e-type=\"widget\" data-widget_type=\"heading.default\">\n\t\t\t\t\t<h2 class=\"elementor-heading-title elementor-size-default\">MARL<\/h2>\t\t\t\t<\/div>\n\t\t\t\t<div class=\"elementor-element elementor-element-bc81b76 elementor-widget elementor-widget-text-editor\" data-id=\"bc81b76\" data-element_type=\"widget\" data-e-type=\"widget\" data-widget_type=\"text-editor.default\">\n\t\t\t\t\t\t\t\t\t<p>Minnesota Agriculture and Rural Leadership Program<\/p>\t\t\t\t\t\t\t\t<\/div>\n\t\t\t\t<\/div>\n\t\t\t\t<\/div>\n\t\t\t\t<section class=\"has_eae_slider elementor-section elementor-top-section elementor-element elementor-element-7560d41 elementor-section-content-top elementor-section-boxed elementor-section-height-default elementor-section-height-default wpr-particle-no wpr-jarallax-no wpr-parallax-no wpr-sticky-section-no\" data-eae-slider=\"9743\" data-id=\"7560d41\" data-element_type=\"section\" data-e-type=\"section\" data-settings=\"{&quot;background_background&quot;:&quot;classic&quot;}\">\n\t\t\t\t\t\t\t<div class=\"elementor-background-overlay\"><\/div>\n\t\t\t\t\t\t\t<div class=\"elementor-container elementor-column-gap-no\">\n\t\t\t\t\t<div class=\"has_eae_slider elementor-column elementor-col-100 elementor-top-column elementor-element elementor-element-ac08876\" data-eae-slider=\"53191\" data-id=\"ac08876\" data-element_type=\"column\" data-e-type=\"column\">\n\t\t\t<div class=\"elementor-widget-wrap elementor-element-populated\">\n\t\t\t\t\t\t<div class=\"elementor-element elementor-element-7b70af4 elementor-widget elementor-widget-text-editor\" data-id=\"7b70af4\" data-element_type=\"widget\" data-e-type=\"widget\" data-widget_type=\"text-editor.default\">\n\t\t\t\t\t\t\t\t\t<p>The Minnesota Agriculture and Rural Leadership Program (MARL) promotes the development of leaders committed to agricultural and rural development, fostering sustainability, innovation, and the strengthening of productive communities at both local and international levels.<\/p>\t\t\t\t\t\t\t\t<\/div>\n\t\t\t\t\t<\/div>\n\t\t<\/div>\n\t\t\t\t\t<\/div>\n\t\t<\/section>\n\t\t\t\t<section class=\"has_eae_slider elementor-section elementor-top-section elementor-element elementor-element-a9de757 elementor-section-content-middle elementor-section-boxed elementor-section-height-default elementor-section-height-default wpr-particle-no wpr-jarallax-no wpr-parallax-no wpr-sticky-section-no\" data-eae-slider=\"65278\" data-id=\"a9de757\" data-element_type=\"section\" data-e-type=\"section\" data-settings=\"{&quot;background_background&quot;:&quot;classic&quot;}\">\n\t\t\t\t\t\t\t<div class=\"elementor-background-overlay\"><\/div>\n\t\t\t\t\t\t\t<div class=\"elementor-container elementor-column-gap-no\">\n\t\t\t\t\t<div class=\"has_eae_slider elementor-column elementor-col-50 elementor-top-column elementor-element elementor-element-8656fa5\" data-eae-slider=\"26171\" data-id=\"8656fa5\" data-element_type=\"column\" data-e-type=\"column\">\n\t\t\t<div class=\"elementor-widget-wrap elementor-element-populated\">\n\t\t\t\t\t\t<div class=\"elementor-element elementor-element-544450f elementor-widget elementor-widget-image\" data-id=\"544450f\" data-element_type=\"widget\" data-e-type=\"widget\" data-widget_type=\"image.default\">\n\t\t\t\t\t\t\t\t\t\t\t\t\t\t\t<img fetchpriority=\"high\" decoding=\"async\" width=\"780\" height=\"475\" src=\"https:\/\/cimas.edu.ec\/wp-content\/uploads\/2025\/10\/JayCooke_copy.jpg\" class=\"attachment-full size-full wp-image-1026\" alt=\"\" srcset=\"https:\/\/cimas.edu.ec\/wp-content\/uploads\/2025\/10\/JayCooke_copy.jpg 780w, https:\/\/cimas.edu.ec\/wp-content\/uploads\/2025\/10\/JayCooke_copy-600x365.jpg 600w, https:\/\/cimas.edu.ec\/wp-content\/uploads\/2025\/10\/JayCooke_copy-300x183.jpg 300w\" sizes=\"(max-width: 780px) 100vw, 780px\" \/>\t\t\t\t\t\t\t\t\t\t\t\t\t\t\t<\/div>\n\t\t\t\t\t<\/div>\n\t\t<\/div>\n\t\t\t\t<div class=\"has_eae_slider elementor-column elementor-col-50 elementor-top-column elementor-element elementor-element-08b6a7b\" data-eae-slider=\"85303\" data-id=\"08b6a7b\" data-element_type=\"column\" data-e-type=\"column\">\n\t\t\t<div class=\"elementor-widget-wrap elementor-element-populated\">\n\t\t\t\t\t\t<div class=\"elementor-element elementor-element-9044ef9 elementor-widget elementor-widget-heading\" data-id=\"9044ef9\" data-element_type=\"widget\" data-e-type=\"widget\" data-widget_type=\"heading.default\">\n\t\t\t\t\t<h2 class=\"elementor-heading-title elementor-size-default\">International Academic Tour in Ecuador<\/h2>\t\t\t\t<\/div>\n\t\t\t\t<div class=\"elementor-element elementor-element-2d04d76 elementor-widget elementor-widget-text-editor\" data-id=\"2d04d76\" data-element_type=\"widget\" data-e-type=\"widget\" data-widget_type=\"text-editor.default\">\n\t\t\t\t\t\t\t\t\t<p>From <strong data-start=\"523\" data-end=\"556\">February 16 to 28, 2014,<\/strong>an international academic tour was held in Ecuador, <strong data-start=\"575\" data-end=\"618\">tour acad\u00e9mico internacional en Ecuador<\/strong>, with participation from members of the MARL Program. The purpose of this activity was to encourage the exchange of knowledge and experiences in agriculture, leadership, and rural development between the two countries.<\/p>\t\t\t\t\t\t\t\t<\/div>\n\t\t\t\t<div class=\"elementor-element elementor-element-046e0f7 elementor-widget elementor-widget-heading\" data-id=\"046e0f7\" data-element_type=\"widget\" data-e-type=\"widget\" data-widget_type=\"heading.default\">\n\t\t\t\t\t<h2 class=\"elementor-heading-title elementor-size-default\">Interinstitutional Collaboration<\/h2>\t\t\t\t<\/div>\n\t\t\t\t<div class=\"elementor-element elementor-element-2987dc0 elementor-widget elementor-widget-text-editor\" data-id=\"2987dc0\" data-element_type=\"widget\" data-e-type=\"widget\" data-widget_type=\"text-editor.default\">\n\t\t\t\t\t\t\t\t\t<p data-start=\"892\" data-end=\"1186\">The tour was <strong data-start=\"904\" data-end=\"995\">sponsored by the University of Minnesota and the Southwest Minnesota State University,<\/strong>strengthening academic cooperation between higher education institutions and contributing to the international projection of initiatives focused on sustainable agricultural development.<\/p>\t\t\t\t\t\t\t\t<\/div>\n\t\t\t\t\t<\/div>\n\t\t<\/div>\n\t\t\t\t\t<\/div>\n\t\t<\/section>\n\t\t\t\t<\/div>","protected":false},"excerpt":{"rendered":"<p>MARL Programa de Agricultura y Liderazgo Rural de Minnesota El Programa de Agricultura y Liderazgo Rural de Minnesota (MARL) impulsa la formaci\u00f3n de l\u00edderes comprometidos con el desarrollo agr\u00edcola y rural, promoviendo la sostenibilidad, la innovaci\u00f3n y el fortalecimiento de comunidades productivas a nivel local e internacional. Tour Acad\u00e9mico Internacional en Ecuador Entre el 16 y el 28 de febrero de 2014, se desarroll\u00f3 un tour acad\u00e9mico internacional en Ecuador, con la participaci\u00f3n de miembros del Programa MARL. Esta actividad tuvo como prop\u00f3sito fomentar el intercambio de conocimientos y experiencias en materia de agricultura, liderazgo y desarrollo rural entre ambos pa\u00edses. Colaboraci\u00f3n Interinstitucional El tour fue patrocinado por la Universidad de Minnesota y la Universidad del Sur Oeste de Minnesota, fortaleciendo la cooperaci\u00f3n acad\u00e9mica entre instituciones de educaci\u00f3n superior y contribuyendo a la proyecci\u00f3n internacional de iniciativas orientadas al desarrollo agr\u00edcola sostenible.<\/p>","protected":false},"author":3,"featured_media":0,"parent":0,"menu_order":0,"comment_status":"closed","ping_status":"closed","template":"","meta":{"site-sidebar-layout":"no-sidebar","site-content-layout":"","ast-site-content-layout":"full-width-container","site-content-style":"default","site-sidebar-style":"default","ast-global-header-display":"","ast-banner-title-visibility":"","ast-main-header-display":"","ast-hfb-above-header-display":"","ast-hfb-below-header-display":"","ast-hfb-mobile-header-display":"","site-post-title":"disabled","ast-breadcrumbs-content":"","ast-featured-img":"disabled","footer-sml-layout":"","ast-disable-related-posts":"","theme-transparent-header-meta":"","adv-header-id-meta":"","stick-header-meta":"","header-above-stick-meta":"","header-main-stick-meta":"","header-below-stick-meta":"","astra-migrate-meta-layouts":"default","ast-page-background-enabled":"default","ast-page-background-meta":{"desktop":{"background-color":"var(--ast-global-color-5)","background-image":"","background-repeat":"repeat","background-position":"center center","background-size":"auto","background-attachment":"scroll","background-type":"","background-media":"","overlay-type":"","overlay-color":"","overlay-opacity":"","overlay-gradient":""},"tablet":{"background-color":"","background-image":"","background-repeat":"repeat","background-position":"center center","background-size":"auto","background-attachment":"scroll","background-type":"","background-media":"","overlay-type":"","overlay-color":"","overlay-opacity":"","overlay-gradient":""},"mobile":{"background-color":"","background-image":"","background-repeat":"repeat","background-position":"center center","background-size":"auto","background-attachment":"scroll","background-type":"","background-media":"","overlay-type":"","overlay-color":"","overlay-opacity":"","overlay-gradient":""}},"ast-content-background-meta":{"desktop":{"background-color":"var(--ast-global-color-4)","background-image":"","background-repeat":"repeat","background-position":"center center","background-size":"auto","background-attachment":"scroll","background-type":"","background-media":"","overlay-type":"","overlay-color":"","overlay-opacity":"","overlay-gradient":""},"tablet":{"background-color":"var(--ast-global-color-4)","background-image":"","background-repeat":"repeat","background-position":"center center","background-size":"auto","background-attachment":"scroll","background-type":"","background-media":"","overlay-type":"","overlay-color":"","overlay-opacity":"","overlay-gradient":""},"mobile":{"background-color":"var(--ast-global-color-4)","background-image":"","background-repeat":"repeat","background-position":"center center","background-size":"auto","background-attachment":"scroll","background-type":"","background-media":"","overlay-type":"","overlay-color":"","overlay-opacity":"","overlay-gradient":""}},"footnotes":""},"class_list":["post-3054","page","type-page","status-publish","hentry"],"_links":{"self":[{"href":"https:\/\/cimas.edu.ec\/en\/wp-json\/wp\/v2\/pages\/3054","targetHints":{"allow":["GET"]}}],"collection":[{"href":"https:\/\/cimas.edu.ec\/en\/wp-json\/wp\/v2\/pages"}],"about":[{"href":"https:\/\/cimas.edu.ec\/en\/wp-json\/wp\/v2\/types\/page"}],"author":[{"embeddable":true,"href":"https:\/\/cimas.edu.ec\/en\/wp-json\/wp\/v2\/users\/3"}],"replies":[{"embeddable":true,"href":"https:\/\/cimas.edu.ec\/en\/wp-json\/wp\/v2\/comments?post=3054"}],"version-history":[{"count":5,"href":"https:\/\/cimas.edu.ec\/en\/wp-json\/wp\/v2\/pages\/3054\/revisions"}],"predecessor-version":[{"id":3060,"href":"https:\/\/cimas.edu.ec\/en\/wp-json\/wp\/v2\/pages\/3054\/revisions\/3060"}],"wp:attachment":[{"href":"https:\/\/cimas.edu.ec\/en\/wp-json\/wp\/v2\/media?parent=3054"}],"curies":[{"name":"wp","href":"https:\/\/api.w.org\/{rel}","templated":true}]}}