{"id":3062,"date":"2026-01-14T15:23:49","date_gmt":"2026-01-14T20:23:49","guid":{"rendered":"https:\/\/cimas.edu.ec\/?page_id=3062"},"modified":"2026-01-14T15:36:32","modified_gmt":"2026-01-14T20:36:32","slug":"seminario-global-encuentro-del-condor-y-el-aguila","status":"publish","type":"page","link":"https:\/\/cimas.edu.ec\/en\/seminario-global-encuentro-del-condor-y-el-aguila\/","title":{"rendered":"GLOBAL GATHERING SEMINAR: THE CONDOR AND THE EAGLE"},"content":{"rendered":"<div data-elementor-type=\"wp-page\" data-elementor-id=\"3062\" class=\"elementor elementor-3062\">\n\t\t\t\t<div class=\"has_eae_slider elementor-element elementor-element-bb4bfbf e-con-full e-flex wpr-particle-no wpr-jarallax-no wpr-parallax-no wpr-sticky-section-no e-con e-parent\" data-eae-slider=\"70265\" data-id=\"bb4bfbf\" data-element_type=\"container\" data-e-type=\"container\" data-settings=\"{&quot;background_background&quot;:&quot;classic&quot;}\">\n\t\t<div class=\"has_eae_slider elementor-element elementor-element-323ec85 e-con-full e-flex wpr-particle-no wpr-jarallax-no wpr-parallax-no wpr-sticky-section-no e-con e-child\" data-eae-slider=\"27356\" data-id=\"323ec85\" data-element_type=\"container\" data-e-type=\"container\">\n\t\t\t\t<div class=\"elementor-element elementor-element-d70792b elementor-widget elementor-widget-heading\" data-id=\"d70792b\" data-element_type=\"widget\" data-e-type=\"widget\" data-widget_type=\"heading.default\">\n\t\t\t\t\t<h2 class=\"elementor-heading-title elementor-size-default\">GLOBAL SEMINAR<\/h2>\t\t\t\t<\/div>\n\t\t\t\t<div class=\"elementor-element elementor-element-7df7aa2 elementor-widget elementor-widget-text-editor\" data-id=\"7df7aa2\" data-element_type=\"widget\" data-e-type=\"widget\" data-widget_type=\"text-editor.default\">\n\t\t\t\t\t\t\t\t\t<p>Condor and Eagle Gathering<\/p>\t\t\t\t\t\t\t\t<\/div>\n\t\t\t\t<\/div>\n\t\t\t\t<\/div>\n\t\t\t\t<section class=\"has_eae_slider elementor-section elementor-top-section elementor-element elementor-element-3d10ce8 elementor-section-content-top elementor-section-boxed elementor-section-height-default elementor-section-height-default wpr-particle-no wpr-jarallax-no wpr-parallax-no wpr-sticky-section-no\" data-eae-slider=\"65203\" data-id=\"3d10ce8\" data-element_type=\"section\" data-e-type=\"section\" data-settings=\"{&quot;background_background&quot;:&quot;classic&quot;}\">\n\t\t\t\t\t\t\t<div class=\"elementor-background-overlay\"><\/div>\n\t\t\t\t\t\t\t<div class=\"elementor-container elementor-column-gap-no\">\n\t\t\t\t\t<div class=\"has_eae_slider elementor-column elementor-col-100 elementor-top-column elementor-element elementor-element-5fa8761\" data-eae-slider=\"7079\" data-id=\"5fa8761\" data-element_type=\"column\" data-e-type=\"column\">\n\t\t\t<div class=\"elementor-widget-wrap elementor-element-populated\">\n\t\t\t\t\t\t<div class=\"elementor-element elementor-element-bf2637b elementor-widget elementor-widget-heading\" data-id=\"bf2637b\" data-element_type=\"widget\" data-e-type=\"widget\" data-widget_type=\"heading.default\">\n\t\t\t\t\t<h2 class=\"elementor-heading-title elementor-size-default\">Intercultural Program Focused on Knowledge Exchange Between Ecuadorian Indigenous Communities and Native Americans<\/h2>\t\t\t\t<\/div>\n\t\t\t\t<div class=\"elementor-element elementor-element-7499812 elementor-widget elementor-widget-text-editor\" data-id=\"7499812\" data-element_type=\"widget\" data-e-type=\"widget\" data-widget_type=\"text-editor.default\">\n\t\t\t\t\t\t\t\t\t<p>The intercultural program aimed to facilitate <strong data-start=\"240\" data-end=\"334\">Intercultural Program Focused on Knowledge Exchange Between Ecuadorian Indigenous Communities and Native Americans<\/strong>, with the goal of strengthening mutual understanding, promoting appreciation of cultural diversity, and fostering dialogue between traditional knowledge systems.<\/p>\t\t\t\t\t\t\t\t<\/div>\n\t\t\t\t\t<\/div>\n\t\t<\/div>\n\t\t\t\t\t<\/div>\n\t\t<\/section>\n\t\t\t\t<section class=\"has_eae_slider elementor-section elementor-top-section elementor-element elementor-element-8b8fe81 elementor-section-content-middle elementor-section-full_width elementor-section-height-default elementor-section-height-default wpr-particle-no wpr-jarallax-no wpr-parallax-no wpr-sticky-section-no\" data-eae-slider=\"38917\" data-id=\"8b8fe81\" data-element_type=\"section\" data-e-type=\"section\" data-settings=\"{&quot;background_background&quot;:&quot;classic&quot;}\">\n\t\t\t\t\t\t\t<div class=\"elementor-background-overlay\"><\/div>\n\t\t\t\t\t\t\t<div class=\"elementor-container elementor-column-gap-no\">\n\t\t\t\t\t<div class=\"has_eae_slider elementor-column elementor-col-50 elementor-top-column elementor-element elementor-element-a826a1f\" data-eae-slider=\"64550\" data-id=\"a826a1f\" data-element_type=\"column\" data-e-type=\"column\">\n\t\t\t<div class=\"elementor-widget-wrap elementor-element-populated\">\n\t\t\t\t\t\t<div class=\"elementor-element elementor-element-f8dbc3b elementor-widget elementor-widget-image\" data-id=\"f8dbc3b\" data-element_type=\"widget\" data-e-type=\"widget\" data-widget_type=\"image.default\">\n\t\t\t\t\t\t\t\t\t\t\t\t\t\t\t<img fetchpriority=\"high\" decoding=\"async\" width=\"1110\" height=\"832\" src=\"https:\/\/cimas.edu.ec\/wp-content\/uploads\/2025\/10\/Gemini_Generated_Image_6arbzr6arbzr6arb-e1763041866440.png\" class=\"attachment-full size-full wp-image-1029\" alt=\"\" srcset=\"https:\/\/cimas.edu.ec\/wp-content\/uploads\/2025\/10\/Gemini_Generated_Image_6arbzr6arbzr6arb-e1763041866440.png 1110w, https:\/\/cimas.edu.ec\/wp-content\/uploads\/2025\/10\/Gemini_Generated_Image_6arbzr6arbzr6arb-e1763041866440-600x450.png 600w, https:\/\/cimas.edu.ec\/wp-content\/uploads\/2025\/10\/Gemini_Generated_Image_6arbzr6arbzr6arb-e1763041866440-300x225.png 300w, https:\/\/cimas.edu.ec\/wp-content\/uploads\/2025\/10\/Gemini_Generated_Image_6arbzr6arbzr6arb-e1763041866440-1024x768.png 1024w, https:\/\/cimas.edu.ec\/wp-content\/uploads\/2025\/10\/Gemini_Generated_Image_6arbzr6arbzr6arb-e1763041866440-800x600.png 800w\" sizes=\"(max-width: 1110px) 100vw, 1110px\" \/>\t\t\t\t\t\t\t\t\t\t\t\t\t\t\t<\/div>\n\t\t\t\t\t<\/div>\n\t\t<\/div>\n\t\t\t\t<div class=\"has_eae_slider elementor-column elementor-col-50 elementor-top-column elementor-element elementor-element-f5ac3f4\" data-eae-slider=\"84115\" data-id=\"f5ac3f4\" data-element_type=\"column\" data-e-type=\"column\">\n\t\t\t<div class=\"elementor-widget-wrap elementor-element-populated\">\n\t\t\t\t\t\t<div class=\"elementor-element elementor-element-ecc5cdc elementor-widget elementor-widget-heading\" data-id=\"ecc5cdc\" data-element_type=\"widget\" data-e-type=\"widget\" data-widget_type=\"heading.default\">\n\t\t\t\t\t<h2 class=\"elementor-heading-title elementor-size-default\">Field Development and Observation<\/h2>\t\t\t\t<\/div>\n\t\t\t\t<div class=\"elementor-element elementor-element-7eb8c4c elementor-widget elementor-widget-text-editor\" data-id=\"7eb8c4c\" data-element_type=\"widget\" data-e-type=\"widget\" data-widget_type=\"text-editor.default\">\n\t\t\t\t\t\t\t\t\t<p>The program took place <strong data-start=\"574\" data-end=\"628\">from December 28, 2013, to January 16, 2014,<\/strong>and included <strong data-start=\"640\" data-end=\"753\">field observations in Quito, Mitad del Mundo, northern Pichincha, Imbabura, and the provinces of Pastaza.<\/strong>These activities provided opportunities to analyze the relationships between culture, territory, and sustainable practices within the participating communities.<\/p>\t\t\t\t\t\t\t\t<\/div>\n\t\t\t\t<div class=\"elementor-element elementor-element-c96b5eb elementor-widget elementor-widget-heading\" data-id=\"c96b5eb\" data-element_type=\"widget\" data-e-type=\"widget\" data-widget_type=\"heading.default\">\n\t\t\t\t\t<h2 class=\"elementor-heading-title elementor-size-default\">Academic Direction<\/h2>\t\t\t\t<\/div>\n\t\t\t\t<div class=\"elementor-element elementor-element-e205a6a elementor-widget elementor-widget-text-editor\" data-id=\"e205a6a\" data-element_type=\"widget\" data-e-type=\"widget\" data-widget_type=\"text-editor.default\">\n\t\t\t\t\t\t\t\t\t<p>The program was <strong data-start=\"954\" data-end=\"1043\">led by Professors Mark Bellcourt and Jay Hatch from the University of Minnesota<\/strong>, who guided the academic and cultural exchange process, strengthening international educational cooperation and fostering an intercultural perspective among participants.<\/p>\t\t\t\t\t\t\t\t<\/div>\n\t\t\t\t\t<\/div>\n\t\t<\/div>\n\t\t\t\t\t<\/div>\n\t\t<\/section>\n\t\t\t\t<\/div>","protected":false},"excerpt":{"rendered":"<p>SEMINARIO GLOBAL Encuentro del c\u00f3ndor y el \u00e1guila Programa Intercultural orientado a los intercambios de conocimientos entre las comunidades ind\u00edgenas Ecuatorianas y Nativos Americanos El programa intercultural estuvo orientado al intercambio de conocimientos entre comunidades ind\u00edgenas ecuatorianas y nativos americanos, con el objetivo de fortalecer el entendimiento mutuo, promover la valoraci\u00f3n de la diversidad cultural y fomentar el di\u00e1logo entre saberes tradicionales. Desarrollo y Observaci\u00f3n de Campo La actividad se llev\u00f3 a cabo del 28 de diciembre de 2013 al 16 de enero de 2014, e incluy\u00f3 observaciones de campo en Quito, Mitad del Mundo, el norte de Pichincha, Imbabura y las provincias de Pastaza. Estos espacios permitieron analizar la relaci\u00f3n entre cultura, territorio y pr\u00e1cticas sostenibles dentro de las comunidades participantes. Direcci\u00f3n Acad\u00e9mica El programa fue dirigido por los profesores Mark Bellcourt y Jay Hatch de la Universidad de Minnesota, quienes guiaron el proceso acad\u00e9mico y de intercambio cultural, fortaleciendo la cooperaci\u00f3n educativa internacional y la formaci\u00f3n de una visi\u00f3n intercultural en los participantes.<\/p>","protected":false},"author":3,"featured_media":0,"parent":0,"menu_order":0,"comment_status":"closed","ping_status":"closed","template":"","meta":{"site-sidebar-layout":"no-sidebar","site-content-layout":"","ast-site-content-layout":"full-width-container","site-content-style":"default","site-sidebar-style":"default","ast-global-header-display":"","ast-banner-title-visibility":"","ast-main-header-display":"","ast-hfb-above-header-display":"","ast-hfb-below-header-display":"","ast-hfb-mobile-header-display":"","site-post-title":"disabled","ast-breadcrumbs-content":"","ast-featured-img":"disabled","footer-sml-layout":"","ast-disable-related-posts":"","theme-transparent-header-meta":"","adv-header-id-meta":"","stick-header-meta":"","header-above-stick-meta":"","header-main-stick-meta":"","header-below-stick-meta":"","astra-migrate-meta-layouts":"default","ast-page-background-enabled":"default","ast-page-background-meta":{"desktop":{"background-color":"var(--ast-global-color-5)","background-image":"","background-repeat":"repeat","background-position":"center center","background-size":"auto","background-attachment":"scroll","background-type":"","background-media":"","overlay-type":"","overlay-color":"","overlay-opacity":"","overlay-gradient":""},"tablet":{"background-color":"","background-image":"","background-repeat":"repeat","background-position":"center center","background-size":"auto","background-attachment":"scroll","background-type":"","background-media":"","overlay-type":"","overlay-color":"","overlay-opacity":"","overlay-gradient":""},"mobile":{"background-color":"","background-image":"","background-repeat":"repeat","background-position":"center center","background-size":"auto","background-attachment":"scroll","background-type":"","background-media":"","overlay-type":"","overlay-color":"","overlay-opacity":"","overlay-gradient":""}},"ast-content-background-meta":{"desktop":{"background-color":"var(--ast-global-color-4)","background-image":"","background-repeat":"repeat","background-position":"center center","background-size":"auto","background-attachment":"scroll","background-type":"","background-media":"","overlay-type":"","overlay-color":"","overlay-opacity":"","overlay-gradient":""},"tablet":{"background-color":"var(--ast-global-color-4)","background-image":"","background-repeat":"repeat","background-position":"center center","background-size":"auto","background-attachment":"scroll","background-type":"","background-media":"","overlay-type":"","overlay-color":"","overlay-opacity":"","overlay-gradient":""},"mobile":{"background-color":"var(--ast-global-color-4)","background-image":"","background-repeat":"repeat","background-position":"center center","background-size":"auto","background-attachment":"scroll","background-type":"","background-media":"","overlay-type":"","overlay-color":"","overlay-opacity":"","overlay-gradient":""}},"footnotes":""},"class_list":["post-3062","page","type-page","status-publish","hentry"],"_links":{"self":[{"href":"https:\/\/cimas.edu.ec\/en\/wp-json\/wp\/v2\/pages\/3062","targetHints":{"allow":["GET"]}}],"collection":[{"href":"https:\/\/cimas.edu.ec\/en\/wp-json\/wp\/v2\/pages"}],"about":[{"href":"https:\/\/cimas.edu.ec\/en\/wp-json\/wp\/v2\/types\/page"}],"author":[{"embeddable":true,"href":"https:\/\/cimas.edu.ec\/en\/wp-json\/wp\/v2\/users\/3"}],"replies":[{"embeddable":true,"href":"https:\/\/cimas.edu.ec\/en\/wp-json\/wp\/v2\/comments?post=3062"}],"version-history":[{"count":12,"href":"https:\/\/cimas.edu.ec\/en\/wp-json\/wp\/v2\/pages\/3062\/revisions"}],"predecessor-version":[{"id":3078,"href":"https:\/\/cimas.edu.ec\/en\/wp-json\/wp\/v2\/pages\/3062\/revisions\/3078"}],"wp:attachment":[{"href":"https:\/\/cimas.edu.ec\/en\/wp-json\/wp\/v2\/media?parent=3062"}],"curies":[{"name":"wp","href":"https:\/\/api.w.org\/{rel}","templated":true}]}}