{"id":3270,"date":"2026-01-23T11:08:23","date_gmt":"2026-01-23T16:08:23","guid":{"rendered":"https:\/\/cimas.edu.ec\/?page_id=3270"},"modified":"2026-01-26T09:00:11","modified_gmt":"2026-01-26T14:00:11","slug":"red-de-aliados-nueva-infancia","status":"publish","type":"page","link":"https:\/\/cimas.edu.ec\/en\/red-de-aliados-nueva-infancia\/","title":{"rendered":"RED DE ALIADOS NUEVA INFANCIA"},"content":{"rendered":"<div data-elementor-type=\"wp-page\" data-elementor-id=\"3270\" class=\"elementor elementor-3270\">\n\t\t\t\t<div class=\"has_eae_slider elementor-element elementor-element-bc90faa e-flex e-con-boxed wpr-particle-no wpr-jarallax-no wpr-parallax-no wpr-sticky-section-no e-con e-parent\" data-eae-slider=\"65222\" data-id=\"bc90faa\" data-element_type=\"container\" data-e-type=\"container\">\n\t\t\t\t\t<div class=\"e-con-inner\">\n\t\t<div class=\"has_eae_slider elementor-element elementor-element-d4dd758 e-con-full e-flex wpr-particle-no wpr-jarallax-no wpr-parallax-no wpr-sticky-section-no e-con e-child\" data-eae-slider=\"81137\" data-id=\"d4dd758\" data-element_type=\"container\" data-e-type=\"container\">\n\t\t\t\t<div class=\"elementor-element elementor-element-682a320 elementor-widget elementor-widget-text-editor\" data-id=\"682a320\" data-element_type=\"widget\" data-e-type=\"widget\" data-widget_type=\"text-editor.default\">\n\t\t\t\t\t\t\t\t\t<h2 data-start=\"84\" data-end=\"164\">Fundaci\u00f3n Cimas del Ecuador se sum\u00f3 a la Red de Aliados por la Nueva Infancia<\/h2>\n<p data-start=\"327\" data-end=\"667\"><strong data-start=\"327\" data-end=\"346\">Quito, Ecuador.<\/strong> La Fundaci\u00f3n Cimas del Ecuador se incorpor\u00f3 oficialmente a la <strong data-start=\"409\" data-end=\"462\">Red de Aliados Estrat\u00e9gicos por la Nueva Infancia<\/strong>, una iniciativa que articula a organizaciones comprometidas con la garant\u00eda de los derechos de ni\u00f1as, ni\u00f1os y adolescentes en el pa\u00eds, con un enfoque integral basado en cuatro ejes estrat\u00e9gicos de acci\u00f3n.&nbsp;<\/p><p data-start=\"327\" data-end=\"667\"><span style=\"font-style: inherit; font-weight: inherit;\">La Red de Aliados Estrat\u00e9gicos por la Nueva Infancia se enfoca en el fortalecimiento de <\/span><strong data-start=\"757\" data-end=\"781\" style=\"font-style: inherit;\">entornos protectores<\/strong><span style=\"font-style: inherit; font-weight: inherit;\">, la <\/span><strong data-start=\"786\" data-end=\"846\" style=\"font-style: inherit;\">promoci\u00f3n del desarrollo integral en la primera infancia<\/strong><span style=\"font-style: inherit; font-weight: inherit;\">, la <\/span><strong data-start=\"851\" data-end=\"887\" style=\"font-style: inherit;\">incidencia en pol\u00edticas p\u00fablicas<\/strong><span style=\"font-style: inherit; font-weight: inherit;\"> y la <\/span><strong data-start=\"893\" data-end=\"928\" style=\"font-style: inherit;\">articulaci\u00f3n interinstitucional<\/strong><span style=\"font-style: inherit; font-weight: inherit;\">, con el objetivo de generar cambios sostenibles que prioricen el bienestar y la participaci\u00f3n de ni\u00f1as y ni\u00f1os.<\/span><\/p>\n<p data-start=\"1042\" data-end=\"1377\">En este marco, la Fundaci\u00f3n Cimas del Ecuador aportar\u00e1 su experiencia y trabajo territorial para fortalecer iniciativas orientadas a la construcci\u00f3n de comunidades m\u00e1s inclusivas, seguras y corresponsables con la infancia, sumando esfuerzos con organizaciones de la sociedad civil, sector privado, academia y organismos de cooperaci\u00f3n.<\/p>\n<p data-start=\"1379\" data-end=\"1689\">La adhesi\u00f3n a esta Red representa una oportunidad para consolidar acciones conjuntas, compartir buenas pr\u00e1cticas y potenciar el impacto de programas y proyectos que promuevan una nueva visi\u00f3n de la infancia, centrada en el respeto de derechos, la equidad y el desarrollo humano desde los primeros a\u00f1os de vida.<\/p><p data-start=\"1379\" data-end=\"1689\"><span style=\"font-style: inherit; font-weight: inherit;\">Con esta incorporaci\u00f3n, la Fundaci\u00f3n Cimas del Ecuador reafirma su compromiso de trabajar de manera colaborativa por una infancia protegida, escuchada y protagonista de su propio desarrollo, contribuyendo a la construcci\u00f3n de un pa\u00eds m\u00e1s justo y solidario.<\/span><\/p>\t\t\t\t\t\t\t\t<\/div>\n\t\t\t\t<\/div>\n\t\t<div class=\"has_eae_slider elementor-element elementor-element-4f259fe e-con-full e-flex wpr-particle-no wpr-jarallax-no wpr-parallax-no wpr-sticky-section-no e-con e-child\" data-eae-slider=\"77613\" data-id=\"4f259fe\" data-element_type=\"container\" data-e-type=\"container\">\n\t\t\t\t<div class=\"elementor-element elementor-element-116f5e6 elementor-widget elementor-widget-image\" data-id=\"116f5e6\" data-element_type=\"widget\" data-e-type=\"widget\" data-widget_type=\"image.default\">\n\t\t\t\t\t\t\t\t\t\t\t\t\t\t\t<img fetchpriority=\"high\" decoding=\"async\" width=\"1024\" height=\"683\" src=\"https:\/\/cimas.edu.ec\/wp-content\/uploads\/2026\/01\/close-up-kids-holding-hands-1024x683.jpg\" class=\"attachment-large size-large wp-image-3273\" alt=\"\" srcset=\"https:\/\/cimas.edu.ec\/wp-content\/uploads\/2026\/01\/close-up-kids-holding-hands-1024x683.jpg 1024w, https:\/\/cimas.edu.ec\/wp-content\/uploads\/2026\/01\/close-up-kids-holding-hands-1536x1024.jpg 1536w, https:\/\/cimas.edu.ec\/wp-content\/uploads\/2026\/01\/close-up-kids-holding-hands-2048x1366.jpg 2048w\" sizes=\"(max-width: 1024px) 100vw, 1024px\" \/>\t\t\t\t\t\t\t\t\t\t\t\t\t\t\t<\/div>\n\t\t\t\t<\/div>\n\t\t\t\t\t<\/div>\n\t\t\t\t<\/div>\n\t\t<div class=\"has_eae_slider elementor-element elementor-element-04a6e31 e-flex e-con-boxed wpr-particle-no wpr-jarallax-no wpr-parallax-no wpr-sticky-section-no e-con e-parent\" data-eae-slider=\"81992\" data-id=\"04a6e31\" data-element_type=\"container\" data-e-type=\"container\">\n\t\t\t\t\t<div class=\"e-con-inner\">\n\t\t\t\t\t<\/div>\n\t\t\t\t<\/div>\n\t\t\t\t<\/div>","protected":false},"excerpt":{"rendered":"<p>Fundaci\u00f3n Cimas del Ecuador se sum\u00f3 a la Red de Aliados por la Nueva Infancia Quito, Ecuador. La Fundaci\u00f3n Cimas del Ecuador se incorpor\u00f3 oficialmente a la Red de Aliados Estrat\u00e9gicos por la Nueva Infancia, una iniciativa que articula a organizaciones comprometidas con la garant\u00eda de los derechos de ni\u00f1as, ni\u00f1os y adolescentes en el pa\u00eds, con un enfoque integral basado en cuatro ejes estrat\u00e9gicos de acci\u00f3n.&nbsp; La Red de Aliados Estrat\u00e9gicos por la Nueva Infancia se enfoca en el fortalecimiento de entornos protectores, la promoci\u00f3n del desarrollo integral en la primera infancia, la incidencia en pol\u00edticas p\u00fablicas y la articulaci\u00f3n interinstitucional, con el objetivo de generar cambios sostenibles que prioricen el bienestar y la participaci\u00f3n de ni\u00f1as y ni\u00f1os. En este marco, la Fundaci\u00f3n Cimas del Ecuador aportar\u00e1 su experiencia y trabajo territorial para fortalecer iniciativas orientadas a la construcci\u00f3n de comunidades m\u00e1s inclusivas, seguras y corresponsables con la infancia, sumando esfuerzos con organizaciones de la sociedad civil, sector privado, academia y organismos de cooperaci\u00f3n. La adhesi\u00f3n a esta Red representa una oportunidad para consolidar acciones conjuntas, compartir buenas pr\u00e1cticas y potenciar el impacto de programas y proyectos que promuevan una nueva visi\u00f3n de la infancia, centrada en el respeto de derechos, la equidad y el desarrollo humano desde los primeros a\u00f1os de vida. Con esta incorporaci\u00f3n, la Fundaci\u00f3n Cimas del Ecuador reafirma su compromiso de trabajar de manera colaborativa por una infancia protegida, escuchada y protagonista de su propio desarrollo, contribuyendo a la construcci\u00f3n de un pa\u00eds m\u00e1s justo y solidario.<\/p>","protected":false},"author":3,"featured_media":0,"parent":0,"menu_order":0,"comment_status":"closed","ping_status":"closed","template":"","meta":{"site-sidebar-layout":"no-sidebar","site-content-layout":"","ast-site-content-layout":"full-width-container","site-content-style":"default","site-sidebar-style":"default","ast-global-header-display":"","ast-banner-title-visibility":"","ast-main-header-display":"","ast-hfb-above-header-display":"","ast-hfb-below-header-display":"","ast-hfb-mobile-header-display":"","site-post-title":"disabled","ast-breadcrumbs-content":"","ast-featured-img":"disabled","footer-sml-layout":"","ast-disable-related-posts":"","theme-transparent-header-meta":"","adv-header-id-meta":"","stick-header-meta":"","header-above-stick-meta":"","header-main-stick-meta":"","header-below-stick-meta":"","astra-migrate-meta-layouts":"default","ast-page-background-enabled":"default","ast-page-background-meta":{"desktop":{"background-color":"var(--ast-global-color-5)","background-image":"","background-repeat":"repeat","background-position":"center center","background-size":"auto","background-attachment":"scroll","background-type":"","background-media":"","overlay-type":"","overlay-color":"","overlay-opacity":"","overlay-gradient":""},"tablet":{"background-color":"","background-image":"","background-repeat":"repeat","background-position":"center center","background-size":"auto","background-attachment":"scroll","background-type":"","background-media":"","overlay-type":"","overlay-color":"","overlay-opacity":"","overlay-gradient":""},"mobile":{"background-color":"","background-image":"","background-repeat":"repeat","background-position":"center center","background-size":"auto","background-attachment":"scroll","background-type":"","background-media":"","overlay-type":"","overlay-color":"","overlay-opacity":"","overlay-gradient":""}},"ast-content-background-meta":{"desktop":{"background-color":"var(--ast-global-color-4)","background-image":"","background-repeat":"repeat","background-position":"center center","background-size":"auto","background-attachment":"scroll","background-type":"","background-media":"","overlay-type":"","overlay-color":"","overlay-opacity":"","overlay-gradient":""},"tablet":{"background-color":"var(--ast-global-color-4)","background-image":"","background-repeat":"repeat","background-position":"center center","background-size":"auto","background-attachment":"scroll","background-type":"","background-media":"","overlay-type":"","overlay-color":"","overlay-opacity":"","overlay-gradient":""},"mobile":{"background-color":"var(--ast-global-color-4)","background-image":"","background-repeat":"repeat","background-position":"center center","background-size":"auto","background-attachment":"scroll","background-type":"","background-media":"","overlay-type":"","overlay-color":"","overlay-opacity":"","overlay-gradient":""}},"footnotes":""},"class_list":["post-3270","page","type-page","status-publish","hentry"],"_links":{"self":[{"href":"https:\/\/cimas.edu.ec\/en\/wp-json\/wp\/v2\/pages\/3270","targetHints":{"allow":["GET"]}}],"collection":[{"href":"https:\/\/cimas.edu.ec\/en\/wp-json\/wp\/v2\/pages"}],"about":[{"href":"https:\/\/cimas.edu.ec\/en\/wp-json\/wp\/v2\/types\/page"}],"author":[{"embeddable":true,"href":"https:\/\/cimas.edu.ec\/en\/wp-json\/wp\/v2\/users\/3"}],"replies":[{"embeddable":true,"href":"https:\/\/cimas.edu.ec\/en\/wp-json\/wp\/v2\/comments?post=3270"}],"version-history":[{"count":8,"href":"https:\/\/cimas.edu.ec\/en\/wp-json\/wp\/v2\/pages\/3270\/revisions"}],"predecessor-version":[{"id":3292,"href":"https:\/\/cimas.edu.ec\/en\/wp-json\/wp\/v2\/pages\/3270\/revisions\/3292"}],"wp:attachment":[{"href":"https:\/\/cimas.edu.ec\/en\/wp-json\/wp\/v2\/media?parent=3270"}],"curies":[{"name":"wp","href":"https:\/\/api.w.org\/{rel}","templated":true}]}}