{"id":3303,"date":"2026-01-26T09:50:50","date_gmt":"2026-01-26T14:50:50","guid":{"rendered":"https:\/\/cimas.edu.ec\/?page_id=3303"},"modified":"2026-01-26T10:16:46","modified_gmt":"2026-01-26T15:16:46","slug":"programas-cortos","status":"publish","type":"page","link":"https:\/\/cimas.edu.ec\/en\/programas-cortos\/","title":{"rendered":"FACULTY LED PROGRAMS"},"content":{"rendered":"\t\t<div data-elementor-type=\"wp-page\" data-elementor-id=\"3303\" class=\"elementor elementor-3303\">\n\t\t\t\t<div class=\"has_eae_slider elementor-element elementor-element-83f1f37 e-flex e-con-boxed wpr-particle-no wpr-jarallax-no wpr-parallax-no wpr-sticky-section-no e-con e-parent\" data-eae-slider=\"15626\" data-id=\"83f1f37\" data-element_type=\"container\" data-e-type=\"container\">\n\t\t\t\t\t<div class=\"e-con-inner\">\n\t\t\t\t<div class=\"elementor-element elementor-element-c2ae0e0 elementor-widget elementor-widget-image\" data-id=\"c2ae0e0\" data-element_type=\"widget\" data-e-type=\"widget\" data-widget_type=\"image.default\">\n\t\t\t\t\t\t\t\t\t\t\t\t\t\t\t<img fetchpriority=\"high\" decoding=\"async\" width=\"1024\" height=\"299\" src=\"https:\/\/cimas.edu.ec\/wp-content\/uploads\/2025\/01\/WhatsApp-Image-2025-01-21-at-10.12.22-AM-e1769438259360-1024x299.jpeg\" class=\"attachment-large size-large wp-image-921\" alt=\"\" srcset=\"https:\/\/cimas.edu.ec\/wp-content\/uploads\/2025\/01\/WhatsApp-Image-2025-01-21-at-10.12.22-AM-e1769438259360-1024x299.jpeg 1024w, https:\/\/cimas.edu.ec\/wp-content\/uploads\/2025\/01\/WhatsApp-Image-2025-01-21-at-10.12.22-AM-e1769438259360-300x88.jpeg 300w, https:\/\/cimas.edu.ec\/wp-content\/uploads\/2025\/01\/WhatsApp-Image-2025-01-21-at-10.12.22-AM-e1769438259360-768x224.jpeg 768w, https:\/\/cimas.edu.ec\/wp-content\/uploads\/2025\/01\/WhatsApp-Image-2025-01-21-at-10.12.22-AM-e1769438259360-1536x448.jpeg 1536w, https:\/\/cimas.edu.ec\/wp-content\/uploads\/2025\/01\/WhatsApp-Image-2025-01-21-at-10.12.22-AM-e1769438259360-18x5.jpeg 18w, https:\/\/cimas.edu.ec\/wp-content\/uploads\/2025\/01\/WhatsApp-Image-2025-01-21-at-10.12.22-AM-e1769438259360-800x234.jpeg 800w, https:\/\/cimas.edu.ec\/wp-content\/uploads\/2025\/01\/WhatsApp-Image-2025-01-21-at-10.12.22-AM-e1769438259360.jpeg 1600w\" sizes=\"(max-width: 1024px) 100vw, 1024px\" \/>\t\t\t\t\t\t\t\t\t\t\t\t\t\t\t<\/div>\n\t\t\t\t\t<\/div>\n\t\t\t\t<\/div>\n\t\t<div class=\"has_eae_slider elementor-element elementor-element-50e4cd9 e-grid e-con-boxed wpr-particle-no wpr-jarallax-no wpr-parallax-no wpr-sticky-section-no e-con e-parent\" data-eae-slider=\"55518\" data-id=\"50e4cd9\" data-element_type=\"container\" data-e-type=\"container\">\n\t\t\t\t\t<div class=\"e-con-inner\">\n\t\t\t\t<div class=\"elementor-element elementor-element-d176733 elementor-widget__width-auto elementor-view-default elementor-position-block-start elementor-mobile-position-block-start elementor-widget elementor-widget-icon-box\" data-id=\"d176733\" data-element_type=\"widget\" data-e-type=\"widget\" data-widget_type=\"icon-box.default\">\n\t\t\t\t\t\t\t<div class=\"elementor-icon-box-wrapper\">\n\n\t\t\t\t\t\t<div class=\"elementor-icon-box-icon\">\n\t\t\t\t<span  class=\"elementor-icon\">\n\t\t\t\t<svg aria-hidden=\"true\" class=\"e-font-icon-svg e-far-clock\" viewBox=\"0 0 512 512\" xmlns=\"http:\/\/www.w3.org\/2000\/svg\"><path d=\"M256 8C119 8 8 119 8 256s111 248 248 248 248-111 248-248S393 8 256 8zm0 448c-110.5 0-200-89.5-200-200S145.5 56 256 56s200 89.5 200 200-89.5 200-200 200zm61.8-104.4l-84.9-61.7c-3.1-2.3-4.9-5.9-4.9-9.7V116c0-6.6 5.4-12 12-12h32c6.6 0 12 5.4 12 12v141.7l66.8 48.6c5.4 3.9 6.5 11.4 2.6 16.8L334.6 349c-3.9 5.3-11.4 6.5-16.8 2.6z\"><\/path><\/svg>\t\t\t\t<\/span>\n\t\t\t<\/div>\n\t\t\t\n\t\t\t\t\t\t<div class=\"elementor-icon-box-content\">\n\n\t\t\t\t\n\t\t\t\t\t\t\t\t\t<p class=\"elementor-icon-box-description\">\n\t\t\t\t\t\t3 - 4 semanas\t\t\t\t\t<\/p>\n\t\t\t\t\n\t\t\t<\/div>\n\t\t\t\n\t\t<\/div>\n\t\t\t\t\t\t<\/div>\n\t\t\t\t<div class=\"elementor-element elementor-element-0dffffe elementor-widget elementor-widget-text-editor\" data-id=\"0dffffe\" data-element_type=\"widget\" data-e-type=\"widget\" data-widget_type=\"text-editor.default\">\n\t\t\t\t\t\t\t\t\t<p>Programas intensivos de corta duraci\u00f3n dise\u00f1ados para grupos liderados por docentes, que ofrecen experiencias de aprendizaje inmersivas en las diversas regiones del Ecuador.<\/p>\t\t\t\t\t\t\t\t<\/div>\n\t\t\t\t\t<\/div>\n\t\t\t\t<\/div>\n\t\t<div class=\"has_eae_slider elementor-element elementor-element-7746f71 e-grid e-con-boxed wpr-particle-no wpr-jarallax-no wpr-parallax-no wpr-sticky-section-no e-con e-parent\" data-eae-slider=\"75365\" data-id=\"7746f71\" data-element_type=\"container\" data-e-type=\"container\">\n\t\t\t\t\t<div class=\"e-con-inner\">\n\t\t\t\t<div class=\"elementor-element elementor-element-a04d827 elementor-widget elementor-widget-text-editor\" data-id=\"a04d827\" data-element_type=\"widget\" data-e-type=\"widget\" data-widget_type=\"text-editor.default\">\n\t\t\t\t\t\t\t\t\t<p><b>\u00a0<\/b><\/p><p><b>Los programas, pueden incluir, entre otros temas:\u00a0<\/b><\/p><div class=\"text-base my-auto mx-auto pb-10 [--thread-content-margin:--spacing(4)] @w-sm\/main:[--thread-content-margin:--spacing(6)] @w-lg\/main:[--thread-content-margin:--spacing(16)] px-(--thread-content-margin)\"><div class=\"[--thread-content-max-width:40rem] @w-lg\/main:[--thread-content-max-width:48rem] mx-auto max-w-(--thread-content-max-width) flex-1 group\/turn-messages focus-visible:outline-hidden relative flex w-full min-w-0 flex-col agent-turn\" tabindex=\"-1\"><div class=\"flex max-w-full flex-col grow\"><div class=\"min-h-8 text-message relative flex w-full flex-col items-end gap-2 text-start break-words whitespace-normal [.text-message+&amp;]:mt-1\" dir=\"auto\" data-message-author-role=\"assistant\" data-message-id=\"7303fc7c-168b-47a0-bb50-43c1f92730b1\" data-message-model-slug=\"gpt-5-2\"><div class=\"flex w-full flex-col gap-1 empty:hidden first:pt-[1px]\"><div class=\"markdown prose dark:prose-invert w-full wrap-break-word light markdown-new-styling\"><ul><li data-start=\"0\" data-end=\"299\">Salud Global y Salud Ambiental<\/li><li data-start=\"0\" data-end=\"299\">Determinantes Sociales de la Salud en Am\u00e9rica Latina<\/li><li data-start=\"0\" data-end=\"299\">Saberes Ind\u00edgenas y Cosmovisi\u00f3n Andina<\/li><li data-start=\"0\" data-end=\"299\">M\u00e9todos de Investigaci\u00f3n Comunitaria<\/li><li data-start=\"0\" data-end=\"299\">Agroecolog\u00eda y Sistemas Alimentarios Sostenibles<\/li><li data-start=\"0\" data-end=\"299\">Antropolog\u00eda de la Salud y la Enfermedad<\/li><li data-start=\"0\" data-end=\"299\">Migraci\u00f3n, Trabajo y Desarrollo Rural<\/li><\/ul><\/div><\/div><\/div><\/div><\/div><\/div>\t\t\t\t\t\t\t\t<\/div>\n\t\t\t\t<div class=\"elementor-element elementor-element-1a1a455 elementor-widget elementor-widget-text-editor\" data-id=\"1a1a455\" data-element_type=\"widget\" data-e-type=\"widget\" data-widget_type=\"text-editor.default\">\n\t\t\t\t\t\t\t\t\t<p>\u00a0<\/p><p><b>Fundaci\u00f3n Cimas del Ecuador se encarga de:\u00a0<\/b><\/p><ul><li>Contenido acad\u00e9mico<\/li><li>Conferencias locales y visitas de campo<\/li><li>Experiencias de inmersi\u00f3n comunitaria<\/li><li>Facilitaci\u00f3n biling\u00fce<\/li><li>Log\u00edstica, alojamiento, transporte y protocolos de seguridad<\/li><\/ul>\t\t\t\t\t\t\t\t<\/div>\n\t\t\t\t\t<\/div>\n\t\t\t\t<\/div>\n\t\t<div class=\"has_eae_slider elementor-element elementor-element-3397d91 e-grid e-con-boxed wpr-particle-no wpr-jarallax-no wpr-parallax-no wpr-sticky-section-no e-con e-parent\" data-eae-slider=\"24609\" data-id=\"3397d91\" data-element_type=\"container\" data-e-type=\"container\">\n\t\t\t\t\t<div class=\"e-con-inner\">\n\t\t\t\t<div class=\"elementor-element elementor-element-278b068 elementor-widget elementor-widget-hfe-infocard\" data-id=\"278b068\" data-element_type=\"widget\" data-e-type=\"widget\" data-widget_type=\"hfe-infocard.default\">\n\t\t\t\t<div class=\"elementor-widget-container\">\n\t\t\t\t\t\n\t\t<div class=\"hfe-infocard\">\n\t\t\t\t\t\t<div class=\"hfe-icon-wrap\">\n\t\t\t\t<span class=\"hfe-icon\">\n\t\t\t\t\t<svg aria-hidden=\"true\" class=\"e-font-icon-svg e-far-envelope\" viewBox=\"0 0 512 512\" xmlns=\"http:\/\/www.w3.org\/2000\/svg\"><path d=\"M464 64H48C21.49 64 0 85.49 0 112v288c0 26.51 21.49 48 48 48h416c26.51 0 48-21.49 48-48V112c0-26.51-21.49-48-48-48zm0 48v40.805c-22.422 18.259-58.168 46.651-134.587 106.49-16.841 13.247-50.201 45.072-73.413 44.701-23.208.375-56.579-31.459-73.413-44.701C106.18 199.465 70.425 171.067 48 152.805V112h416zM48 400V214.398c22.914 18.251 55.409 43.862 104.938 82.646 21.857 17.205 60.134 55.186 103.062 54.955 42.717.231 80.509-37.199 103.053-54.947 49.528-38.783 82.032-64.401 104.947-82.653V400H48z\"><\/path><\/svg>\t\t\t\t<\/span>\n\t\t\t<\/div>\n\t\t\t\t\t\t\t\t\t<div class=\"hfe-infocard-title-wrap\">\n\t\t\t\t<h3 class=\"hfe-infocard-title elementor-inline-editing\" data-elementor-setting-key=\"infocard_title\" data-elementor-inline-editing-toolbar=\"basic\" >Cont\u00e1ctanos<\/h3>\t\t\t<\/div>\n\t\t\t\t\t\t<div class=\"hfe-infocard-text-wrap\">\n\t\t\t\t<div class=\"hfe-infocard-text elementor-inline-editing\" data-elementor-setting-key=\"infocard_description\" data-elementor-inline-editing-toolbar=\"advanced\">\n\t\t\t\t\t<p>Para m\u00e1s informaci\u00f3n, escr\u00edbenos a:&nbsp;<\/p>\n<p>jsuarez@cimas.edu.ec&nbsp;&nbsp;<span style=\"font-style: inherit;font-weight: inherit\">dlopez@cimas.edu.ec&nbsp;&nbsp;<\/span><span style=\"font-style: inherit;font-weight: inherit\">alozada@cimas.edu.ec<\/span><\/p>\t\t\t\t<\/div>\n\t\t\t\t\t\t\t<\/div>\n\t\t<\/div>\n\n\t\t\t\t\t\t<\/div>\n\t\t\t\t<\/div>\n\t\t\t\t\t<\/div>\n\t\t\t\t<\/div>\n\t\t\t\t<\/div>\n\t\t","protected":false},"excerpt":{"rendered":"<p>3 &#8211; 4 semanas Programas intensivos de corta duraci\u00f3n dise\u00f1ados para grupos liderados por docentes, que ofrecen experiencias de aprendizaje inmersivas en las diversas regiones del Ecuador. \u00a0 Los programas, pueden incluir, entre otros temas:\u00a0 Salud Global y Salud Ambiental Determinantes Sociales de la Salud en Am\u00e9rica Latina Saberes Ind\u00edgenas y Cosmovisi\u00f3n Andina M\u00e9todos de Investigaci\u00f3n Comunitaria Agroecolog\u00eda y Sistemas Alimentarios Sostenibles Antropolog\u00eda de la Salud y la Enfermedad Migraci\u00f3n, Trabajo y Desarrollo Rural \u00a0 Fundaci\u00f3n Cimas del Ecuador se encarga de:\u00a0 Contenido acad\u00e9mico Conferencias locales y visitas de campo Experiencias de inmersi\u00f3n comunitaria Facilitaci\u00f3n biling\u00fce Log\u00edstica, alojamiento, transporte y protocolos de seguridad Cont\u00e1ctanos Para m\u00e1s informaci\u00f3n, escr\u00edbenos a:&nbsp; jsuarez@cimas.edu.ec&nbsp;&nbsp;dlopez@cimas.edu.ec&nbsp;&nbsp;alozada@cimas.edu.ec<\/p>","protected":false},"author":3,"featured_media":0,"parent":0,"menu_order":0,"comment_status":"closed","ping_status":"closed","template":"","meta":{"site-sidebar-layout":"no-sidebar","site-content-layout":"","ast-site-content-layout":"full-width-container","site-content-style":"default","site-sidebar-style":"default","ast-global-header-display":"","ast-banner-title-visibility":"","ast-main-header-display":"","ast-hfb-above-header-display":"","ast-hfb-below-header-display":"","ast-hfb-mobile-header-display":"","site-post-title":"","ast-breadcrumbs-content":"","ast-featured-img":"disabled","footer-sml-layout":"","ast-disable-related-posts":"","theme-transparent-header-meta":"","adv-header-id-meta":"","stick-header-meta":"","header-above-stick-meta":"","header-main-stick-meta":"","header-below-stick-meta":"","astra-migrate-meta-layouts":"default","ast-page-background-enabled":"default","ast-page-background-meta":{"desktop":{"background-color":"var(--ast-global-color-5)","background-image":"","background-repeat":"repeat","background-position":"center center","background-size":"auto","background-attachment":"scroll","background-type":"","background-media":"","overlay-type":"","overlay-color":"","overlay-opacity":"","overlay-gradient":""},"tablet":{"background-color":"","background-image":"","background-repeat":"repeat","background-position":"center center","background-size":"auto","background-attachment":"scroll","background-type":"","background-media":"","overlay-type":"","overlay-color":"","overlay-opacity":"","overlay-gradient":""},"mobile":{"background-color":"","background-image":"","background-repeat":"repeat","background-position":"center center","background-size":"auto","background-attachment":"scroll","background-type":"","background-media":"","overlay-type":"","overlay-color":"","overlay-opacity":"","overlay-gradient":""}},"ast-content-background-meta":{"desktop":{"background-color":"var(--ast-global-color-4)","background-image":"","background-repeat":"repeat","background-position":"center center","background-size":"auto","background-attachment":"scroll","background-type":"","background-media":"","overlay-type":"","overlay-color":"","overlay-opacity":"","overlay-gradient":""},"tablet":{"background-color":"var(--ast-global-color-4)","background-image":"","background-repeat":"repeat","background-position":"center center","background-size":"auto","background-attachment":"scroll","background-type":"","background-media":"","overlay-type":"","overlay-color":"","overlay-opacity":"","overlay-gradient":""},"mobile":{"background-color":"var(--ast-global-color-4)","background-image":"","background-repeat":"repeat","background-position":"center center","background-size":"auto","background-attachment":"scroll","background-type":"","background-media":"","overlay-type":"","overlay-color":"","overlay-opacity":"","overlay-gradient":""}},"footnotes":""},"class_list":["post-3303","page","type-page","status-publish","hentry"],"_links":{"self":[{"href":"https:\/\/cimas.edu.ec\/en\/wp-json\/wp\/v2\/pages\/3303","targetHints":{"allow":["GET"]}}],"collection":[{"href":"https:\/\/cimas.edu.ec\/en\/wp-json\/wp\/v2\/pages"}],"about":[{"href":"https:\/\/cimas.edu.ec\/en\/wp-json\/wp\/v2\/types\/page"}],"author":[{"embeddable":true,"href":"https:\/\/cimas.edu.ec\/en\/wp-json\/wp\/v2\/users\/3"}],"replies":[{"embeddable":true,"href":"https:\/\/cimas.edu.ec\/en\/wp-json\/wp\/v2\/comments?post=3303"}],"version-history":[{"count":29,"href":"https:\/\/cimas.edu.ec\/en\/wp-json\/wp\/v2\/pages\/3303\/revisions"}],"predecessor-version":[{"id":3335,"href":"https:\/\/cimas.edu.ec\/en\/wp-json\/wp\/v2\/pages\/3303\/revisions\/3335"}],"wp:attachment":[{"href":"https:\/\/cimas.edu.ec\/en\/wp-json\/wp\/v2\/media?parent=3303"}],"curies":[{"name":"wp","href":"https:\/\/api.w.org\/{rel}","templated":true}]}}